{"id":3225,"date":"2018-02-17T13:08:27","date_gmt":"2018-02-17T12:08:27","guid":{"rendered":"https:\/\/www.penzionmargareta.sk\/kontakt\/"},"modified":"2023-03-16T13:12:40","modified_gmt":"2023-03-16T12:12:40","slug":"kontakt","status":"publish","type":"page","link":"https:\/\/www.penzionmargareta.sk\/cs\/kontakt\/","title":{"rendered":"Kontakt"},"content":{"rendered":"<div class=\"wpb-content-wrapper\"><p>[vc_row][vc_column width=&#8221;1\/3&#8243;][vc_column_text]<\/p>\n<h2 id=\"MainTitle_idm101\" class=\"MainTitle entry-title align-center\">Kontaktn\u00ed informace<\/h2>\n<p>[\/vc_column_text][vc_column_text]<strong>Pension Margar\u00e9ta**+<br \/>\n<\/strong>ul. \u013dudov\u00edta \u0160t\u00fara \u010d. 2<br \/>\n932 01 Ve\u013ek\u00fd Meder[\/vc_column_text][vc_raw_html el_class=&#8221;penzionkontakt&#8221;]PHVsPgoJCQkJCgkJCQkJCQkJPGxpPgoJCQkJCTxhIGhyZWY9InRlbDorNDIxJTIwOTE4JTIwOTAwJTIwOTMwIj4JCQkJCQk8aSBjbGFzcz0ibGFzIGxhLXBob25lIj48L2k+ICArNDIxIDkxOCA5MDAgOTMwICA8L2E+CQkJCTwvbGk+CgkJCQkKCQkJCQoJCQkJCQkJCTxsaT4KCQkJCQk8YSBocmVmPSJtYWlsdG86aW5mb0BwZW56aW9ubWFyZ2FyZXRhLnNrIj4JCQkJCQk8aSBjbGFzcz0ibGFzIGxhLWVudmVsb3BlIj48L2k+ICBpbmZvQHBlbnppb25tYXJnYXJldGEuc2sgIDwvYT4JCQkJPC9saT4KCQkJCQoJCQkJCQkJPC91bD4=[\/vc_raw_html][vc_column_text]<\/p>\n<h2>Sou\u0159adnice GPS:<\/h2>\n<p>[\/vc_column_text][vc_column_text]47.852506,17.771027799999956[\/vc_column_text][vc_column_text]<strong>V\u00e1\u017een\u00ed n\u00e1v\u0161t\u011bvn\u00edci,<\/strong><br \/>\nna emaily V\u00e1m odpov\u00edd\u00e1me nep\u0159etr\u017eit\u011b.<br \/>\nPokud bychom V\u00e1m nemohli kv\u016fli zanepr\u00e1zdn\u011bnosti zvednout telefon \u2013 napi\u0161te n\u00e1m.<\/p>\n<p>Za pochopen\u00ed d\u011bkujeme.<br \/>\nRecepce penzionu Margareta[\/vc_column_text][\/vc_column][vc_column width=&#8221;2\/3&#8243;][vc_column_text]<\/p>\n<h2 id=\"SubTitle_idm226\" class=\"SubTitle align-left\">Online rezervace<\/h2>\n<p>[\/vc_column_text][vc_column_text]Pot\u0159ebujete cenovou nab\u00eddku pro skupinovou rezervaci, nebo chcete vyu\u017e\u00edt na\u0161e ak\u010dn\u00ed pobyty? Napi\u0161te n\u00e1m![\/vc_column_text]\n<div class=\"wpcf7 no-js\" id=\"wpcf7-f3388-o1\" lang=\"sk-SK\" dir=\"ltr\" data-wpcf7-id=\"3388\">\n<div class=\"screen-reader-response\"><p role=\"status\" aria-live=\"polite\" aria-atomic=\"true\"><\/p> <ul><\/ul><\/div>\n<form action=\"\/cs\/wp-json\/wp\/v2\/pages\/3225#wpcf7-f3388-o1\" method=\"post\" class=\"wpcf7-form init\" aria-label=\"Kontaktn\u00fd formul\u00e1r\" novalidate=\"novalidate\" data-status=\"init\">\n<div style=\"display: none;\">\n<input type=\"hidden\" name=\"_wpcf7\" value=\"3388\" \/>\n<input type=\"hidden\" name=\"_wpcf7_version\" value=\"6.0.3\" \/>\n<input type=\"hidden\" name=\"_wpcf7_locale\" value=\"sk_SK\" \/>\n<input type=\"hidden\" name=\"_wpcf7_unit_tag\" value=\"wpcf7-f3388-o1\" \/>\n<input type=\"hidden\" name=\"_wpcf7_container_post\" value=\"0\" \/>\n<input type=\"hidden\" name=\"_wpcf7_posted_data_hash\" value=\"\" \/>\n<input type=\"hidden\" name=\"_wpcf7_recaptcha_response\" value=\"\" \/>\n<\/div>\n<div class=\"row\">\n\t<div class=\"form-group col-md-6\">\n\t\t<p><span class=\"wpcf7-form-control-wrap\" data-name=\"your-name\"><input size=\"40\" maxlength=\"400\" class=\"wpcf7-form-control wpcf7-text wpcf7-validates-as-required form-control\" aria-required=\"true\" aria-invalid=\"false\" placeholder=\"Jm\u00e9no\" value=\"\" type=\"text\" name=\"your-name\" \/><\/span>\n\t\t<\/p>\n\t<\/div>\n\t<div class=\"form-group col-md-6\">\n\t\t<p><span class=\"wpcf7-form-control-wrap\" data-name=\"your-phone\"><input size=\"40\" maxlength=\"400\" class=\"wpcf7-form-control wpcf7-text wpcf7-validates-as-required form-control\" aria-required=\"true\" aria-invalid=\"false\" placeholder=\"Tel.\" value=\"\" type=\"text\" name=\"your-phone\" \/><\/span>\n\t\t<\/p>\n\t<\/div>\n\t<div class=\"form-group col-md-6\">\n\t\t<p><span class=\"wpcf7-form-control-wrap\" data-name=\"your-email\"><input size=\"40\" maxlength=\"400\" class=\"wpcf7-form-control wpcf7-email wpcf7-validates-as-required wpcf7-text wpcf7-validates-as-email form-control\" aria-required=\"true\" aria-invalid=\"false\" placeholder=\"Email\" value=\"\" type=\"email\" name=\"your-email\" \/><\/span>\n\t\t<\/p>\n\t<\/div>\n\t<div class=\"form-group col-md-6\">\n\t\t<p><span class=\"wpcf7-form-control-wrap\" data-name=\"your-subject\"><input size=\"40\" maxlength=\"400\" class=\"wpcf7-form-control wpcf7-text wpcf7-validates-as-required form-control\" aria-required=\"true\" aria-invalid=\"false\" placeholder=\"P\u0159edm\u011bt\" value=\"\" type=\"text\" name=\"your-subject\" \/><\/span>\n\t\t<\/p>\n\t<\/div>\n<\/div>\n<div class=\"form-group\">\n\t<p><span class=\"wpcf7-form-control-wrap\" data-name=\"your-message\"><textarea cols=\"40\" rows=\"10\" maxlength=\"2000\" class=\"wpcf7-form-control wpcf7-textarea wpcf7-validates-as-required form-control\" aria-required=\"true\" aria-invalid=\"false\" placeholder=\"Va\u0161e zpr\u00e1va\" name=\"your-message\"><\/textarea><\/span>\n\t<\/p>\n<\/div>\n<div class=\"form-group\">\n\t<p><span class=\"wpcf7-form-control-wrap\" data-name=\"terms\"><span class=\"wpcf7-form-control wpcf7-checkbox wpcf7-validates-as-required\"><span class=\"wpcf7-list-item first last\"><input type=\"checkbox\" name=\"terms[]\" value=\"Souhlas\u00edm se zpracov\u00e1n\u00edm osobn\u00edch \u00fadaj\u016f.\" \/><span class=\"wpcf7-list-item-label\">Souhlas\u00edm se zpracov\u00e1n\u00edm osobn\u00edch \u00fadaj\u016f.<\/span><\/span><\/span><\/span>\n\t<\/p>\n<\/div>\n<p><input class=\"wpcf7-form-control wpcf7-submit has-spinner button fw btn_lg mt10\" type=\"submit\" value=\"Odosla\u0165\" \/>\n<\/p><div class=\"wpcf7-response-output\" aria-hidden=\"true\"><\/div>\n<\/form>\n<\/div>\n[vc_empty_space][\/vc_column][\/vc_row][vc_row full_width=&#8221;stretch_row_content_no_spaces&#8221; css=&#8221;.vc_custom_1674134039707{margin-bottom: 0px !important;border-bottom-width: 0px !important;padding-bottom: 0px !important;}&#8221;][vc_column]\n                \n        <style>\n        #map-canvas-0Ny2E {\n            border: 1px solid #f2f2f2;\n            border-radius: 2px;\n            width: 100%;\n            height: 600px;\n        }\n\n        <\/style>\n\n        \n        <script>\n        jQuery(document).ready(function ($) {\n           jQuery(function($) {\n\n                function initialize() {\n                    var map;\n                    var panorama;\n                    var latitude = 47.8519801;\n                    var longitude = 17.7703987;\n                    var pin = '';\n\n                    \/\/Map pin-window details\n                    var title = \"Penzi\u00f3n Margar\u00e9ta**+\";\n                    var hotel_name = \"Penzi\u00f3n Margar\u00e9ta**+\";\n                    var hotel_address = \"ul. \u013dudovita \u0160t\u00fara \u010d.2\";\n                    var hotel_desc = \"\";\n\n                    var hotel_location = new google.maps.LatLng(latitude, longitude);\n                    var mapOptions = {\n                        center: hotel_location,\n                        zoom: 15,\n                        scrollwheel: false,\n                        streetViewControl: false\n                    };\n                    map = new google.maps.Map(document.getElementById('map-canvas-0Ny2E'),\n                        mapOptions);\n                    var contentString =\n                        '<div id=\"infowindow_content\">' +\n                        '<p><strong>' + hotel_name + '<\/strong><br>' +\n                        hotel_address + '<br>' +\n                        hotel_desc + '<\/p>' +\n                        '<\/div>';\n\n                    var var_infowindow = new google.maps.InfoWindow({\n                        content: contentString\n                    });\n\n                    var marker = new google.maps.Marker({\n                        position: hotel_location,\n                        map: map,\n                        icon: pin,\n                        title: title,\n                        maxWidth: 100,\n                        optimized: false,\n                    });\n                    google.maps.event.addListener(marker, 'click', function () {\n                        var_infowindow.open(map, marker);\n                    });\n                    panorama = map.getStreetView();\n                    panorama.setPosition(hotel_location);\n                    panorama.setPov( \/** @type {google.maps.StreetViewPov} *\/ ({\n                        heading: 265,\n                        pitch: 0\n                    }));\n\n                    var openStreet = document.getElementById('openStreetView');\n                    if (openStreet) {\n                        document.getElementById(\"openStreetView\").onclick = function () {\n                            toggleStreetView()\n                        };\n                    }\n\n                    function toggleStreetView() {\n                        var toggle = panorama.getVisible();\n                        if (toggle == false) {\n                            panorama.setVisible(true);\n                        } else {\n                            panorama.setVisible(false);\n                        }\n                    }\n                }\n\n                \/\/Check if google map div exist\n                if ($(\"#map-canvas-0Ny2E\").length){\n                    addEventListener(\"load\", initialize, false);\n                }\n\n                });\n                });\n\n                <\/script>\n\n                \n                <div class=\"google-map\">\n                                    <div id=\"map-canvas-0Ny2E\"><\/div>\n                <\/div>\n\n\n        [\/vc_column][\/vc_row]<\/p>\n<\/div>","protected":false},"excerpt":{"rendered":"<p>[vc_row][vc_column width=&#8221;1\/3&#8243;][vc_column_text] Kontaktn\u00ed informace [\/vc_column_text][vc_column_text]Pension Margar\u00e9ta**+ ul. \u013dudov\u00edta \u0160t\u00fara \u010d. 2 932 01 Ve\u013ek\u00fd Meder[\/vc_column_text][vc_raw_html el_class=&#8221;penzionkontakt&#8221;]PHVsPgoJCQkJCgkJCQkJCQkJPGxpPgoJCQkJCTxhIGhyZWY9InRlbDorNDIxJTIwOTE4JTIwOTAwJTIwOTMwIj4JCQkJCQk8aSBjbGFzcz0ibGFzIGxhLXBob25lIj48L2k+ICArNDIxIDkxOCA5MDAgOTMwICA8L2E+CQkJCTwvbGk+CgkJCQkKCQkJCQoJCQkJCQkJCTxsaT4KCQkJCQk8YSBocmVmPSJtYWlsdG86aW5mb0BwZW56aW9ubWFyZ2FyZXRhLnNrIj4JCQkJCQk8aSBjbGFzcz0ibGFzIGxhLWVudmVsb3BlIj48L2k+ICBpbmZvQHBlbnppb25tYXJnYXJldGEuc2sgIDwvYT4JCQkJPC9saT4KCQkJCQoJCQkJCQkJPC91bD4=[\/vc_raw_html][vc_column_text] Sou\u0159adnice GPS: [\/vc_column_text][vc_column_text]47.852506,17.771027799999956[\/vc_column_text][vc_column_text]V\u00e1\u017een\u00ed n\u00e1v\u0161t\u011bvn\u00edci, na emaily V\u00e1m odpov\u00edd\u00e1me nep\u0159etr\u017eit\u011b. Pokud bychom V\u00e1m nemohli kv\u016fli zanepr\u00e1zdn\u011bnosti zvednout telefon \u2013 napi\u0161te n\u00e1m. Za pochopen\u00ed d\u011bkujeme. Recepce penzionu Margareta[\/vc_column_text][\/vc_column][vc_column width=&#8221;2\/3&#8243;][vc_column_text] Online rezervace [\/vc_column_text][vc_column_text]Pot\u0159ebujete cenovou nab\u00eddku pro skupinovou rezervaci, nebo chcete vyu\u017e\u00edt na\u0161e [&hellip;]<\/p>\n","protected":false},"author":1,"featured_media":0,"parent":0,"menu_order":0,"comment_status":"closed","ping_status":"closed","template":"","meta":{"inline_featured_image":false,"footnotes":""},"class_list":["post-3225","page","type-page","status-publish","hentry"],"yoast_head":"<!-- This site is optimized with the Yoast SEO plugin v24.3 - https:\/\/yoast.com\/wordpress\/plugins\/seo\/ -->\n<title>Kontakt - Penzi\u00f3n Margar\u00e9ta ** - ubytovanie Ve\u013ek\u00fd Meder<\/title>\n<meta name=\"description\" content=\"Pension Margar\u00e9ta**+, ul. \u013dudov\u00edta \u0160t\u00fara \u010d. 2, 932 01 Ve\u013ek\u00fd Meder, Tel.: +421 918 900 930, E-mail: info@penzionmargareta.sk\" \/>\n<meta name=\"robots\" content=\"index, follow, max-snippet:-1, max-image-preview:large, max-video-preview:-1\" \/>\n<link rel=\"canonical\" href=\"https:\/\/www.penzionmargareta.sk\/cs\/kontakt\/\" \/>\n<meta property=\"og:locale\" content=\"cs_CZ\" \/>\n<meta property=\"og:type\" content=\"article\" \/>\n<meta property=\"og:title\" content=\"Kontakt - Penzi\u00f3n Margar\u00e9ta ** - ubytovanie Ve\u013ek\u00fd Meder\" \/>\n<meta property=\"og:description\" content=\"Pension Margar\u00e9ta**+, ul. \u013dudov\u00edta \u0160t\u00fara \u010d. 2, 932 01 Ve\u013ek\u00fd Meder, Tel.: +421 918 900 930, E-mail: info@penzionmargareta.sk\" \/>\n<meta property=\"og:url\" content=\"https:\/\/www.penzionmargareta.sk\/cs\/kontakt\/\" \/>\n<meta property=\"og:site_name\" content=\"Penzi\u00f3n Margar\u00e9ta ** - ubytovanie Ve\u013ek\u00fd Meder\" \/>\n<meta property=\"article:publisher\" content=\"https:\/\/www.facebook.com\/margareta.panzio.35\" \/>\n<meta property=\"article:modified_time\" content=\"2023-03-16T12:12:40+00:00\" \/>\n<meta name=\"twitter:card\" content=\"summary_large_image\" \/>\n<meta name=\"twitter:label1\" content=\"Odhadovan\u00e1 doba \u010dten\u00ed\" \/>\n\t<meta name=\"twitter:data1\" content=\"1 minuta\" \/>\n<script type=\"application\/ld+json\" class=\"yoast-schema-graph\">{\"@context\":\"https:\/\/schema.org\",\"@graph\":[{\"@type\":\"WebPage\",\"@id\":\"https:\/\/www.penzionmargareta.sk\/cs\/kontakt\/\",\"url\":\"https:\/\/www.penzionmargareta.sk\/cs\/kontakt\/\",\"name\":\"Kontakt - Penzi\u00f3n Margar\u00e9ta ** - ubytovanie Ve\u013ek\u00fd Meder\",\"isPartOf\":{\"@id\":\"https:\/\/www.penzionmargareta.sk\/#website\"},\"datePublished\":\"2018-02-17T12:08:27+00:00\",\"dateModified\":\"2023-03-16T12:12:40+00:00\",\"description\":\"Pension Margar\u00e9ta**+, ul. \u013dudov\u00edta \u0160t\u00fara \u010d. 2, 932 01 Ve\u013ek\u00fd Meder, Tel.: +421 918 900 930, E-mail: info@penzionmargareta.sk\",\"breadcrumb\":{\"@id\":\"https:\/\/www.penzionmargareta.sk\/cs\/kontakt\/#breadcrumb\"},\"inLanguage\":\"cs\",\"potentialAction\":[{\"@type\":\"ReadAction\",\"target\":[\"https:\/\/www.penzionmargareta.sk\/cs\/kontakt\/\"]}]},{\"@type\":\"BreadcrumbList\",\"@id\":\"https:\/\/www.penzionmargareta.sk\/cs\/kontakt\/#breadcrumb\",\"itemListElement\":[{\"@type\":\"ListItem\",\"position\":1,\"name\":\"Domovsk\u00e1 str\u00e1nka\",\"item\":\"https:\/\/www.penzionmargareta.sk\/\"},{\"@type\":\"ListItem\",\"position\":2,\"name\":\"Kontakt\"}]},{\"@type\":\"WebSite\",\"@id\":\"https:\/\/www.penzionmargareta.sk\/#website\",\"url\":\"https:\/\/www.penzionmargareta.sk\/\",\"name\":\"Penzi\u00f3n Margar\u00e9ta ** - ubytovanie Ve\u013ek\u00fd Meder\",\"description\":\"\",\"publisher\":{\"@id\":\"https:\/\/www.penzionmargareta.sk\/#organization\"},\"potentialAction\":[{\"@type\":\"SearchAction\",\"target\":{\"@type\":\"EntryPoint\",\"urlTemplate\":\"https:\/\/www.penzionmargareta.sk\/?s={search_term_string}\"},\"query-input\":{\"@type\":\"PropertyValueSpecification\",\"valueRequired\":true,\"valueName\":\"search_term_string\"}}],\"inLanguage\":\"cs\"},{\"@type\":\"Organization\",\"@id\":\"https:\/\/www.penzionmargareta.sk\/#organization\",\"name\":\"Penzi\u00f3n Margar\u00e9ta ** - ubytovanie Ve\u013ek\u00fd Meder\",\"url\":\"https:\/\/www.penzionmargareta.sk\/\",\"logo\":{\"@type\":\"ImageObject\",\"inLanguage\":\"cs\",\"@id\":\"https:\/\/www.penzionmargareta.sk\/#\/schema\/logo\/image\/\",\"url\":\"https:\/\/www.penzionmargareta.sk\/wp-content\/uploads\/2022\/11\/penzionmargareta_logo.svg\",\"contentUrl\":\"https:\/\/www.penzionmargareta.sk\/wp-content\/uploads\/2022\/11\/penzionmargareta_logo.svg\",\"width\":100,\"height\":100,\"caption\":\"Penzi\u00f3n Margar\u00e9ta ** - ubytovanie Ve\u013ek\u00fd Meder\"},\"image\":{\"@id\":\"https:\/\/www.penzionmargareta.sk\/#\/schema\/logo\/image\/\"},\"sameAs\":[\"https:\/\/www.facebook.com\/margareta.panzio.35\"]}]}<\/script>\n<!-- \/ Yoast SEO plugin. -->","yoast_head_json":{"title":"Kontakt - Penzi\u00f3n Margar\u00e9ta ** - ubytovanie Ve\u013ek\u00fd Meder","description":"Pension Margar\u00e9ta**+, ul. \u013dudov\u00edta \u0160t\u00fara \u010d. 2, 932 01 Ve\u013ek\u00fd Meder, Tel.: +421 918 900 930, E-mail: info@penzionmargareta.sk","robots":{"index":"index","follow":"follow","max-snippet":"max-snippet:-1","max-image-preview":"max-image-preview:large","max-video-preview":"max-video-preview:-1"},"canonical":"https:\/\/www.penzionmargareta.sk\/cs\/kontakt\/","og_locale":"cs_CZ","og_type":"article","og_title":"Kontakt - Penzi\u00f3n Margar\u00e9ta ** - ubytovanie Ve\u013ek\u00fd Meder","og_description":"Pension Margar\u00e9ta**+, ul. \u013dudov\u00edta \u0160t\u00fara \u010d. 2, 932 01 Ve\u013ek\u00fd Meder, Tel.: +421 918 900 930, E-mail: info@penzionmargareta.sk","og_url":"https:\/\/www.penzionmargareta.sk\/cs\/kontakt\/","og_site_name":"Penzi\u00f3n Margar\u00e9ta ** - ubytovanie Ve\u013ek\u00fd Meder","article_publisher":"https:\/\/www.facebook.com\/margareta.panzio.35","article_modified_time":"2023-03-16T12:12:40+00:00","twitter_card":"summary_large_image","twitter_misc":{"Odhadovan\u00e1 doba \u010dten\u00ed":"1 minuta"},"schema":{"@context":"https:\/\/schema.org","@graph":[{"@type":"WebPage","@id":"https:\/\/www.penzionmargareta.sk\/cs\/kontakt\/","url":"https:\/\/www.penzionmargareta.sk\/cs\/kontakt\/","name":"Kontakt - Penzi\u00f3n Margar\u00e9ta ** - ubytovanie Ve\u013ek\u00fd Meder","isPartOf":{"@id":"https:\/\/www.penzionmargareta.sk\/#website"},"datePublished":"2018-02-17T12:08:27+00:00","dateModified":"2023-03-16T12:12:40+00:00","description":"Pension Margar\u00e9ta**+, ul. \u013dudov\u00edta \u0160t\u00fara \u010d. 2, 932 01 Ve\u013ek\u00fd Meder, Tel.: +421 918 900 930, E-mail: info@penzionmargareta.sk","breadcrumb":{"@id":"https:\/\/www.penzionmargareta.sk\/cs\/kontakt\/#breadcrumb"},"inLanguage":"cs","potentialAction":[{"@type":"ReadAction","target":["https:\/\/www.penzionmargareta.sk\/cs\/kontakt\/"]}]},{"@type":"BreadcrumbList","@id":"https:\/\/www.penzionmargareta.sk\/cs\/kontakt\/#breadcrumb","itemListElement":[{"@type":"ListItem","position":1,"name":"Domovsk\u00e1 str\u00e1nka","item":"https:\/\/www.penzionmargareta.sk\/"},{"@type":"ListItem","position":2,"name":"Kontakt"}]},{"@type":"WebSite","@id":"https:\/\/www.penzionmargareta.sk\/#website","url":"https:\/\/www.penzionmargareta.sk\/","name":"Penzi\u00f3n Margar\u00e9ta ** - ubytovanie Ve\u013ek\u00fd Meder","description":"","publisher":{"@id":"https:\/\/www.penzionmargareta.sk\/#organization"},"potentialAction":[{"@type":"SearchAction","target":{"@type":"EntryPoint","urlTemplate":"https:\/\/www.penzionmargareta.sk\/?s={search_term_string}"},"query-input":{"@type":"PropertyValueSpecification","valueRequired":true,"valueName":"search_term_string"}}],"inLanguage":"cs"},{"@type":"Organization","@id":"https:\/\/www.penzionmargareta.sk\/#organization","name":"Penzi\u00f3n Margar\u00e9ta ** - ubytovanie Ve\u013ek\u00fd Meder","url":"https:\/\/www.penzionmargareta.sk\/","logo":{"@type":"ImageObject","inLanguage":"cs","@id":"https:\/\/www.penzionmargareta.sk\/#\/schema\/logo\/image\/","url":"https:\/\/www.penzionmargareta.sk\/wp-content\/uploads\/2022\/11\/penzionmargareta_logo.svg","contentUrl":"https:\/\/www.penzionmargareta.sk\/wp-content\/uploads\/2022\/11\/penzionmargareta_logo.svg","width":100,"height":100,"caption":"Penzi\u00f3n Margar\u00e9ta ** - ubytovanie Ve\u013ek\u00fd Meder"},"image":{"@id":"https:\/\/www.penzionmargareta.sk\/#\/schema\/logo\/image\/"},"sameAs":["https:\/\/www.facebook.com\/margareta.panzio.35"]}]}},"_links":{"self":[{"href":"https:\/\/www.penzionmargareta.sk\/cs\/wp-json\/wp\/v2\/pages\/3225","targetHints":{"allow":["GET"]}}],"collection":[{"href":"https:\/\/www.penzionmargareta.sk\/cs\/wp-json\/wp\/v2\/pages"}],"about":[{"href":"https:\/\/www.penzionmargareta.sk\/cs\/wp-json\/wp\/v2\/types\/page"}],"author":[{"embeddable":true,"href":"https:\/\/www.penzionmargareta.sk\/cs\/wp-json\/wp\/v2\/users\/1"}],"replies":[{"embeddable":true,"href":"https:\/\/www.penzionmargareta.sk\/cs\/wp-json\/wp\/v2\/comments?post=3225"}],"version-history":[{"count":7,"href":"https:\/\/www.penzionmargareta.sk\/cs\/wp-json\/wp\/v2\/pages\/3225\/revisions"}],"predecessor-version":[{"id":3389,"href":"https:\/\/www.penzionmargareta.sk\/cs\/wp-json\/wp\/v2\/pages\/3225\/revisions\/3389"}],"wp:attachment":[{"href":"https:\/\/www.penzionmargareta.sk\/cs\/wp-json\/wp\/v2\/media?parent=3225"}],"curies":[{"name":"wp","href":"https:\/\/api.w.org\/{rel}","templated":true}]}}