{"id":3217,"date":"2018-04-29T17:30:53","date_gmt":"2018-04-29T15:30:53","guid":{"rendered":"https:\/\/www.penzionmargareta.sk\/rezervace\/"},"modified":"2023-03-13T10:45:09","modified_gmt":"2023-03-13T09:45:09","slug":"rezervace","status":"publish","type":"page","link":"https:\/\/www.penzionmargareta.sk\/cs\/rezervace\/","title":{"rendered":"Rezervace"},"content":{"rendered":"<div class=\"wpb-content-wrapper\"><p>[vc_row][vc_column][vc_raw_html]PGlmcmFtZSBzcmM9Imh0dHBzOi8vYmVkczI0LmNvbS9ib29raW5nMi5waHA\/cHJvcGlkPTE1MzEyMCZhbXA7cmVmZXJlcj1pZnJhbWUiIHdpZHRoPSIxMjAwIiBzdHlsZT0ibWF4LXdpZHRoOjEwMCU7Ym9yZGVyOm5vbmU7b3ZlcmZsb3c6YXV0bzsiPjxwPjxhIGhyZWY9Imh0dHBzOi8vYmVkczI0LmNvbS9ib29raW5nMi5waHA\/cHJvcGlkPTE1MzEyMCZhbXA7cmVmZXJlcj1pZnJhbWUiIHRpdGxlPSJSZXplcnZvdmF0IG55bsOtIj5SZXplcnZvdmF0IG55bsOtPC9hPjwvcD48L2lmcmFtZT4=[\/vc_raw_html][\/vc_column][\/vc_row]<\/p>\n<\/div>","protected":false},"excerpt":{"rendered":"<p>[vc_row][vc_column][vc_raw_html]PGlmcmFtZSBzcmM9Imh0dHBzOi8vYmVkczI0LmNvbS9ib29raW5nMi5waHA\/cHJvcGlkPTE1MzEyMCZhbXA7cmVmZXJlcj1pZnJhbWUiIHdpZHRoPSIxMjAwIiBzdHlsZT0ibWF4LXdpZHRoOjEwMCU7Ym9yZGVyOm5vbmU7b3ZlcmZsb3c6YXV0bzsiPjxwPjxhIGhyZWY9Imh0dHBzOi8vYmVkczI0LmNvbS9ib29raW5nMi5waHA\/cHJvcGlkPTE1MzEyMCZhbXA7cmVmZXJlcj1pZnJhbWUiIHRpdGxlPSJSZXplcnZvdmF0IG55bsOtIj5SZXplcnZvdmF0IG55bsOtPC9hPjwvcD48L2lmcmFtZT4=[\/vc_raw_html][\/vc_column][\/vc_row]<\/p>\n","protected":false},"author":1,"featured_media":0,"parent":0,"menu_order":0,"comment_status":"closed","ping_status":"closed","template":"","meta":{"inline_featured_image":false,"footnotes":""},"class_list":["post-3217","page","type-page","status-publish","hentry"],"yoast_head":"<!-- This site is optimized with the Yoast SEO plugin v24.3 - https:\/\/yoast.com\/wordpress\/plugins\/seo\/ -->\n<title>Rezervace - Penzi\u00f3n Margar\u00e9ta ** - ubytovanie Ve\u013ek\u00fd Meder<\/title>\n<meta name=\"robots\" content=\"index, follow, max-snippet:-1, max-image-preview:large, max-video-preview:-1\" \/>\n<link rel=\"canonical\" href=\"https:\/\/www.penzionmargareta.sk\/cs\/rezervace\/\" \/>\n<meta property=\"og:locale\" content=\"cs_CZ\" \/>\n<meta property=\"og:type\" content=\"article\" \/>\n<meta property=\"og:title\" content=\"Rezervace - Penzi\u00f3n Margar\u00e9ta ** - ubytovanie Ve\u013ek\u00fd Meder\" \/>\n<meta property=\"og:description\" content=\"[vc_row][vc_column][vc_raw_html]PGlmcmFtZSBzcmM9Imh0dHBzOi8vYmVkczI0LmNvbS9ib29raW5nMi5waHA\/cHJvcGlkPTE1MzEyMCZhbXA7cmVmZXJlcj1pZnJhbWUiIHdpZHRoPSIxMjAwIiBzdHlsZT0ibWF4LXdpZHRoOjEwMCU7Ym9yZGVyOm5vbmU7b3ZlcmZsb3c6YXV0bzsiPjxwPjxhIGhyZWY9Imh0dHBzOi8vYmVkczI0LmNvbS9ib29raW5nMi5waHA\/cHJvcGlkPTE1MzEyMCZhbXA7cmVmZXJlcj1pZnJhbWUiIHRpdGxlPSJSZXplcnZvdmF0IG55bsOtIj5SZXplcnZvdmF0IG55bsOtPC9hPjwvcD48L2lmcmFtZT4=[\/vc_raw_html][\/vc_column][\/vc_row]\" \/>\n<meta property=\"og:url\" content=\"https:\/\/www.penzionmargareta.sk\/cs\/rezervace\/\" \/>\n<meta property=\"og:site_name\" content=\"Penzi\u00f3n Margar\u00e9ta ** - ubytovanie Ve\u013ek\u00fd Meder\" \/>\n<meta property=\"article:publisher\" content=\"https:\/\/www.facebook.com\/margareta.panzio.35\" \/>\n<meta property=\"article:modified_time\" content=\"2023-03-13T09:45:09+00:00\" \/>\n<meta name=\"twitter:card\" content=\"summary_large_image\" \/>\n<script type=\"application\/ld+json\" class=\"yoast-schema-graph\">{\"@context\":\"https:\/\/schema.org\",\"@graph\":[{\"@type\":\"WebPage\",\"@id\":\"https:\/\/www.penzionmargareta.sk\/cs\/rezervace\/\",\"url\":\"https:\/\/www.penzionmargareta.sk\/cs\/rezervace\/\",\"name\":\"Rezervace - Penzi\u00f3n Margar\u00e9ta ** - ubytovanie Ve\u013ek\u00fd Meder\",\"isPartOf\":{\"@id\":\"https:\/\/www.penzionmargareta.sk\/#website\"},\"datePublished\":\"2018-04-29T15:30:53+00:00\",\"dateModified\":\"2023-03-13T09:45:09+00:00\",\"breadcrumb\":{\"@id\":\"https:\/\/www.penzionmargareta.sk\/cs\/rezervace\/#breadcrumb\"},\"inLanguage\":\"cs\",\"potentialAction\":[{\"@type\":\"ReadAction\",\"target\":[\"https:\/\/www.penzionmargareta.sk\/cs\/rezervace\/\"]}]},{\"@type\":\"BreadcrumbList\",\"@id\":\"https:\/\/www.penzionmargareta.sk\/cs\/rezervace\/#breadcrumb\",\"itemListElement\":[{\"@type\":\"ListItem\",\"position\":1,\"name\":\"Domovsk\u00e1 str\u00e1nka\",\"item\":\"https:\/\/www.penzionmargareta.sk\/\"},{\"@type\":\"ListItem\",\"position\":2,\"name\":\"Rezervace\"}]},{\"@type\":\"WebSite\",\"@id\":\"https:\/\/www.penzionmargareta.sk\/#website\",\"url\":\"https:\/\/www.penzionmargareta.sk\/\",\"name\":\"Penzi\u00f3n Margar\u00e9ta ** - ubytovanie Ve\u013ek\u00fd Meder\",\"description\":\"\",\"publisher\":{\"@id\":\"https:\/\/www.penzionmargareta.sk\/#organization\"},\"potentialAction\":[{\"@type\":\"SearchAction\",\"target\":{\"@type\":\"EntryPoint\",\"urlTemplate\":\"https:\/\/www.penzionmargareta.sk\/?s={search_term_string}\"},\"query-input\":{\"@type\":\"PropertyValueSpecification\",\"valueRequired\":true,\"valueName\":\"search_term_string\"}}],\"inLanguage\":\"cs\"},{\"@type\":\"Organization\",\"@id\":\"https:\/\/www.penzionmargareta.sk\/#organization\",\"name\":\"Penzi\u00f3n Margar\u00e9ta ** - ubytovanie Ve\u013ek\u00fd Meder\",\"url\":\"https:\/\/www.penzionmargareta.sk\/\",\"logo\":{\"@type\":\"ImageObject\",\"inLanguage\":\"cs\",\"@id\":\"https:\/\/www.penzionmargareta.sk\/#\/schema\/logo\/image\/\",\"url\":\"https:\/\/www.penzionmargareta.sk\/wp-content\/uploads\/2022\/11\/penzionmargareta_logo.svg\",\"contentUrl\":\"https:\/\/www.penzionmargareta.sk\/wp-content\/uploads\/2022\/11\/penzionmargareta_logo.svg\",\"width\":100,\"height\":100,\"caption\":\"Penzi\u00f3n Margar\u00e9ta ** - ubytovanie Ve\u013ek\u00fd Meder\"},\"image\":{\"@id\":\"https:\/\/www.penzionmargareta.sk\/#\/schema\/logo\/image\/\"},\"sameAs\":[\"https:\/\/www.facebook.com\/margareta.panzio.35\"]}]}<\/script>\n<!-- \/ Yoast SEO plugin. -->","yoast_head_json":{"title":"Rezervace - Penzi\u00f3n Margar\u00e9ta ** - ubytovanie Ve\u013ek\u00fd Meder","robots":{"index":"index","follow":"follow","max-snippet":"max-snippet:-1","max-image-preview":"max-image-preview:large","max-video-preview":"max-video-preview:-1"},"canonical":"https:\/\/www.penzionmargareta.sk\/cs\/rezervace\/","og_locale":"cs_CZ","og_type":"article","og_title":"Rezervace - Penzi\u00f3n Margar\u00e9ta ** - ubytovanie Ve\u013ek\u00fd Meder","og_description":"[vc_row][vc_column][vc_raw_html]PGlmcmFtZSBzcmM9Imh0dHBzOi8vYmVkczI0LmNvbS9ib29raW5nMi5waHA\/cHJvcGlkPTE1MzEyMCZhbXA7cmVmZXJlcj1pZnJhbWUiIHdpZHRoPSIxMjAwIiBzdHlsZT0ibWF4LXdpZHRoOjEwMCU7Ym9yZGVyOm5vbmU7b3ZlcmZsb3c6YXV0bzsiPjxwPjxhIGhyZWY9Imh0dHBzOi8vYmVkczI0LmNvbS9ib29raW5nMi5waHA\/cHJvcGlkPTE1MzEyMCZhbXA7cmVmZXJlcj1pZnJhbWUiIHRpdGxlPSJSZXplcnZvdmF0IG55bsOtIj5SZXplcnZvdmF0IG55bsOtPC9hPjwvcD48L2lmcmFtZT4=[\/vc_raw_html][\/vc_column][\/vc_row]","og_url":"https:\/\/www.penzionmargareta.sk\/cs\/rezervace\/","og_site_name":"Penzi\u00f3n Margar\u00e9ta ** - ubytovanie Ve\u013ek\u00fd Meder","article_publisher":"https:\/\/www.facebook.com\/margareta.panzio.35","article_modified_time":"2023-03-13T09:45:09+00:00","twitter_card":"summary_large_image","schema":{"@context":"https:\/\/schema.org","@graph":[{"@type":"WebPage","@id":"https:\/\/www.penzionmargareta.sk\/cs\/rezervace\/","url":"https:\/\/www.penzionmargareta.sk\/cs\/rezervace\/","name":"Rezervace - Penzi\u00f3n Margar\u00e9ta ** - ubytovanie Ve\u013ek\u00fd Meder","isPartOf":{"@id":"https:\/\/www.penzionmargareta.sk\/#website"},"datePublished":"2018-04-29T15:30:53+00:00","dateModified":"2023-03-13T09:45:09+00:00","breadcrumb":{"@id":"https:\/\/www.penzionmargareta.sk\/cs\/rezervace\/#breadcrumb"},"inLanguage":"cs","potentialAction":[{"@type":"ReadAction","target":["https:\/\/www.penzionmargareta.sk\/cs\/rezervace\/"]}]},{"@type":"BreadcrumbList","@id":"https:\/\/www.penzionmargareta.sk\/cs\/rezervace\/#breadcrumb","itemListElement":[{"@type":"ListItem","position":1,"name":"Domovsk\u00e1 str\u00e1nka","item":"https:\/\/www.penzionmargareta.sk\/"},{"@type":"ListItem","position":2,"name":"Rezervace"}]},{"@type":"WebSite","@id":"https:\/\/www.penzionmargareta.sk\/#website","url":"https:\/\/www.penzionmargareta.sk\/","name":"Penzi\u00f3n Margar\u00e9ta ** - ubytovanie Ve\u013ek\u00fd Meder","description":"","publisher":{"@id":"https:\/\/www.penzionmargareta.sk\/#organization"},"potentialAction":[{"@type":"SearchAction","target":{"@type":"EntryPoint","urlTemplate":"https:\/\/www.penzionmargareta.sk\/?s={search_term_string}"},"query-input":{"@type":"PropertyValueSpecification","valueRequired":true,"valueName":"search_term_string"}}],"inLanguage":"cs"},{"@type":"Organization","@id":"https:\/\/www.penzionmargareta.sk\/#organization","name":"Penzi\u00f3n Margar\u00e9ta ** - ubytovanie Ve\u013ek\u00fd Meder","url":"https:\/\/www.penzionmargareta.sk\/","logo":{"@type":"ImageObject","inLanguage":"cs","@id":"https:\/\/www.penzionmargareta.sk\/#\/schema\/logo\/image\/","url":"https:\/\/www.penzionmargareta.sk\/wp-content\/uploads\/2022\/11\/penzionmargareta_logo.svg","contentUrl":"https:\/\/www.penzionmargareta.sk\/wp-content\/uploads\/2022\/11\/penzionmargareta_logo.svg","width":100,"height":100,"caption":"Penzi\u00f3n Margar\u00e9ta ** - ubytovanie Ve\u013ek\u00fd Meder"},"image":{"@id":"https:\/\/www.penzionmargareta.sk\/#\/schema\/logo\/image\/"},"sameAs":["https:\/\/www.facebook.com\/margareta.panzio.35"]}]}},"_links":{"self":[{"href":"https:\/\/www.penzionmargareta.sk\/cs\/wp-json\/wp\/v2\/pages\/3217","targetHints":{"allow":["GET"]}}],"collection":[{"href":"https:\/\/www.penzionmargareta.sk\/cs\/wp-json\/wp\/v2\/pages"}],"about":[{"href":"https:\/\/www.penzionmargareta.sk\/cs\/wp-json\/wp\/v2\/types\/page"}],"author":[{"embeddable":true,"href":"https:\/\/www.penzionmargareta.sk\/cs\/wp-json\/wp\/v2\/users\/1"}],"replies":[{"embeddable":true,"href":"https:\/\/www.penzionmargareta.sk\/cs\/wp-json\/wp\/v2\/comments?post=3217"}],"version-history":[{"count":4,"href":"https:\/\/www.penzionmargareta.sk\/cs\/wp-json\/wp\/v2\/pages\/3217\/revisions"}],"predecessor-version":[{"id":3233,"href":"https:\/\/www.penzionmargareta.sk\/cs\/wp-json\/wp\/v2\/pages\/3217\/revisions\/3233"}],"wp:attachment":[{"href":"https:\/\/www.penzionmargareta.sk\/cs\/wp-json\/wp\/v2\/media?parent=3217"}],"curies":[{"name":"wp","href":"https:\/\/api.w.org\/{rel}","templated":true}]}}