{"id":3195,"date":"2023-01-17T13:29:09","date_gmt":"2023-01-17T12:29:09","guid":{"rendered":"https:\/\/www.penzionmargareta.sk\/specialni-nabidky\/"},"modified":"2025-01-18T10:49:54","modified_gmt":"2025-01-18T09:49:54","slug":"specialni-nabidky","status":"publish","type":"page","link":"https:\/\/www.penzionmargareta.sk\/cs\/specialni-nabidky\/","title":{"rendered":"Ak\u010dn\u00ed pobyty"},"content":{"rendered":"<div class=\"wpb-content-wrapper\"><p>[vc_row][vc_column][vc_column_text]<\/p>\n<h1 id=\"MainTitle_idm101\" class=\"MainTitle entry-title align-center\" style=\"text-align: center;\">Relaxa\u010dn\u00ed pobyty se slevou<\/h1>\n<p id=\"SubTitle_idm123\" class=\"SubTitle align-center\" style=\"text-align: center;\"><strong><em>P\u0159i objedn\u00e1vce pobyt\u016f pros\u00edme v rezervaci uv\u00e9st p\u0159esn\u00fd n\u00e1zev pobytov\u00e9ho bal\u00ed\u010dku. D\u011bkujeme.<\/em><\/strong><\/p>\n<p>[\/vc_column_text][vc_empty_space][\/vc_column][\/vc_row][vc_row equal_height=&#8221;yes&#8221; css=&#8221;.vc_custom_1673960014463{margin-top: 0px !important;margin-right: 0px !important;margin-bottom: 0px !important;margin-left: 0px !important;padding-top: 0px !important;padding-right: 0px !important;padding-bottom: 0px !important;padding-left: 0px !important;}&#8221;][vc_column width=&#8221;2\/5&#8243; css=&#8221;.vc_custom_1737193653057{margin-top: 0px !important;margin-right: 0px !important;margin-bottom: 0px !important;margin-left: 0px !important;padding-top: 0px !important;padding-right: 0px !important;padding-bottom: 0px !important;padding-left: 0px !important;background-image: url(https:\/\/www.penzionmargareta.sk\/wp-content\/uploads\/2023\/04\/pexels-markus-spiske-1971086-scaled.jpg?id=3446) !important;background-position: center !important;background-repeat: no-repeat !important;background-size: cover !important;}&#8221; el_class=&#8221;minheight200&#8243;][\/vc_column][vc_column width=&#8221;3\/5&#8243; css=&#8221;.vc_custom_1674468269593{padding-top: 20px !important;padding-right: 20px !important;padding-bottom: 20px !important;padding-left: 20px !important;background-color: #ffffff !important;}&#8221;][vc_empty_space]\t\t\t<div\r\n\t\t\t\tclass=\"main_title  text-left  \">\r\n\t\t\t\t<h2 class=\"title\">Jarn\u00ed v\u00fdlet 2+1 noc zdarma <\/h2>\r\n\t\t\t\t\t\t\t\t\t<p class=\"main_description\">Penzi\u00f3n Margar\u00e9ta **<\/p>\r\n\t\t\t\t\t\t\t<\/div>\r\n\t\t[vc_column_text]Speci\u00e1ln\u00ed akce od 8. dubna a\u017e do 31. kv\u011btna<\/p>\n<p><strong>Rezervujte si v\u00e1\u0161 pobyt u n\u00e1s a z\u00edskejte 3. noc zdarma!<\/strong><\/p>\n<p>Dvoulo\u017ekov\u00fd pokoj <strong>od 136\u20ac<\/strong> za t\u0159i noci bez sn\u00eddan\u011b (2+1 ZDARMA)<br \/>\nT\u0159\u00edl\u016f\u017ekov\u00fd pokoj <strong>od 196 \u20ac<\/strong> na t\u0159i noci bez sn\u00eddan\u011b (2+1 ZDARMA)<\/p>\n<p>P\u0159ij\u010fte si odpo\u010dinout a u\u017e\u00edt si prodlou\u017een\u00fd jarn\u00ed v\u00edkend u n\u00e1s![\/vc_column_text][\/vc_column][\/vc_row][vc_row][vc_column][vc_empty_space][\/vc_column][\/vc_row][vc_row equal_height=&#8221;yes&#8221; css=&#8221;.vc_custom_1673960014463{margin-top: 0px !important;margin-right: 0px !important;margin-bottom: 0px !important;margin-left: 0px !important;padding-top: 0px !important;padding-right: 0px !important;padding-bottom: 0px !important;padding-left: 0px !important;}&#8221;][vc_column width=&#8221;2\/5&#8243; css=&#8221;.vc_custom_1674477512089{margin-top: 0px !important;margin-right: 0px !important;margin-bottom: 0px !important;margin-left: 0px !important;padding-top: 0px !important;padding-right: 0px !important;padding-bottom: 0px !important;padding-left: 0px !important;background-image: url(https:\/\/www.penzionmargareta.sk\/wp-content\/uploads\/2023\/01\/akciove-pobyty-pre-rodiny.jpg?id=2591) !important;background-position: center !important;background-repeat: no-repeat !important;background-size: cover !important;}&#8221; el_class=&#8221;minheight200&#8243;][\/vc_column][vc_column width=&#8221;3\/5&#8243; css=&#8221;.vc_custom_1674468278346{padding-top: 20px !important;padding-right: 20px !important;padding-bottom: 20px !important;padding-left: 20px !important;background-color: #ffffff !important;}&#8221;][vc_empty_space]\t\t\t<div\r\n\t\t\t\tclass=\"main_title  text-left  \">\r\n\t\t\t\t<h2 class=\"title\">RODINN\u00c9 POBYTY S RA\u00d1AJKAMI NA 7 NOC\u00cd<\/h2>\r\n\t\t\t\t\t\t\t\t\t<p class=\"main_description\">Penzi\u00f3n Margar\u00e9ta **<\/p>\r\n\t\t\t\t\t\t\t<\/div>\r\n\t\t[vc_column_text]<\/p>\n<p class=\"p1\">2 dosp\u011bl\u00ed + 1 d\u00edt\u011b \u2013 pokoj classic plus (trojl\u016f\u017ekov\u00e1) na t\u00fdden<br \/>\n<strong>se slevou 15% <\/strong><\/p>\n<p class=\"p1\">2 dosp\u011bl\u00ed + 2 d\u011bti \u2013 2x pokoj classic (dvojl\u016f\u017ekov\u00e9 \u2013 SPOJEN\u00c9) na t\u00fdden<br \/>\n<strong>se slevou 15% <\/strong>[\/vc_column_text][\/vc_column][\/vc_row][vc_row][vc_column][vc_empty_space][vc_column_text]<\/p>\n<h3 class=\"article_title align-left\">Upozorn\u011bn\u00ed:<\/h3>\n<p>&nbsp;<\/p>\n<ul class=\"article_indents type-disc\">\n<li class=\"article_indent align-justify\"><em><strong>Ak\u010dn\u00ed pobytov\u00e9 bal\u00ed\u010dky se nedaj\u00ed obsahov\u011b zm\u011bnit.<\/strong><\/em><strong><em>. Tato v\u00fdhodn\u00e1 cena je platn\u00e1 jen pro p\u016fvodn\u00ed n\u00e1pl\u0148 pobyt\u016f. <\/em><\/strong><strong><em>P\u0159i zm\u011bn\u011b se zm\u011bn\u00ed i hodnota \u2013 cena pobyt\u016f. <\/em><\/strong><strong><em>Z\u00e1jem o ak\u010dn\u00ed pobyty je nutn\u00e9 nahl\u00e1sit p\u0159edem. D\u011bkujeme.<\/em><\/strong><\/li>\n<li class=\"article_indent align-justify\"><strong><em>Pobyt super relax a hork\u00e9 term\u00e1ln\u00ed l\u00e1zn\u011b m\u00e1me k dispozici do konce \u010dervna.<br class=\"one-br\"><\/em><\/strong><\/li>\n<li class=\"article_indent align-justify\">P\u0159i platb\u00e1ch akceptujeme jen hotovost \u2013 <strong>ne kreditn\u00ed karty<\/strong><\/li>\n<\/ul>\n<p>[\/vc_column_text][\/vc_column][\/vc_row]<\/p>\n<\/div>","protected":false},"excerpt":{"rendered":"<p>[vc_row][vc_column][vc_column_text] Relaxa\u010dn\u00ed pobyty se slevou P\u0159i objedn\u00e1vce pobyt\u016f pros\u00edme v rezervaci uv\u00e9st p\u0159esn\u00fd n\u00e1zev pobytov\u00e9ho bal\u00ed\u010dku. D\u011bkujeme. [\/vc_column_text][vc_empty_space][\/vc_column][\/vc_row][vc_row equal_height=&#8221;yes&#8221; css=&#8221;.vc_custom_1673960014463{margin-top: 0px !important;margin-right: 0px !important;margin-bottom: 0px !important;margin-left: 0px !important;padding-top: 0px !important;padding-right: 0px !important;padding-bottom: 0px !important;padding-left: 0px !important;}&#8221;][vc_column width=&#8221;2\/5&#8243; css=&#8221;.vc_custom_1737193653057{margin-top: 0px !important;margin-right: 0px !important;margin-bottom: 0px !important;margin-left: 0px !important;padding-top: 0px !important;padding-right: 0px !important;padding-bottom: 0px !important;padding-left: 0px !important;background-image: url(https:\/\/www.penzionmargareta.sk\/wp-content\/uploads\/2023\/04\/pexels-markus-spiske-1971086-scaled.jpg?id=3446) [&hellip;]<\/p>\n","protected":false},"author":1,"featured_media":0,"parent":0,"menu_order":0,"comment_status":"closed","ping_status":"closed","template":"","meta":{"inline_featured_image":false,"footnotes":""},"class_list":["post-3195","page","type-page","status-publish","hentry"],"yoast_head":"<!-- This site is optimized with the Yoast SEO plugin v24.3 - https:\/\/yoast.com\/wordpress\/plugins\/seo\/ -->\n<title>Ak\u010dn\u00ed pobyty - Penzi\u00f3n Margar\u00e9ta ** - ubytovanie Ve\u013ek\u00fd Meder<\/title>\n<meta name=\"robots\" content=\"index, follow, max-snippet:-1, max-image-preview:large, max-video-preview:-1\" \/>\n<link rel=\"canonical\" href=\"https:\/\/www.penzionmargareta.sk\/akciove-pobyty\/\" \/>\n<meta property=\"og:locale\" content=\"cs_CZ\" \/>\n<meta property=\"og:type\" content=\"article\" \/>\n<meta property=\"og:title\" content=\"Ak\u010dn\u00ed pobyty - Penzi\u00f3n Margar\u00e9ta ** - ubytovanie Ve\u013ek\u00fd Meder\" \/>\n<meta property=\"og:description\" content=\"[vc_row][vc_column][vc_column_text] Relaxa\u010dn\u00ed pobyty se slevou P\u0159i objedn\u00e1vce pobyt\u016f pros\u00edme v rezervaci uv\u00e9st p\u0159esn\u00fd n\u00e1zev pobytov\u00e9ho bal\u00ed\u010dku. D\u011bkujeme. [\/vc_column_text][vc_empty_space][\/vc_column][\/vc_row][vc_row equal_height=&#8221;yes&#8221; css=&#8221;.vc_custom_1673960014463{margin-top: 0px !important;margin-right: 0px !important;margin-bottom: 0px !important;margin-left: 0px !important;padding-top: 0px !important;padding-right: 0px !important;padding-bottom: 0px !important;padding-left: 0px !important;}&#8221;][vc_column width=&#8221;2\/5&#8243; css=&#8221;.vc_custom_1737193653057{margin-top: 0px !important;margin-right: 0px !important;margin-bottom: 0px !important;margin-left: 0px !important;padding-top: 0px !important;padding-right: 0px !important;padding-bottom: 0px !important;padding-left: 0px !important;background-image: url(https:\/\/www.penzionmargareta.sk\/wp-content\/uploads\/2023\/04\/pexels-markus-spiske-1971086-scaled.jpg?id=3446) [&hellip;]\" \/>\n<meta property=\"og:url\" content=\"https:\/\/www.penzionmargareta.sk\/akciove-pobyty\/\" \/>\n<meta property=\"og:site_name\" content=\"Penzi\u00f3n Margar\u00e9ta ** - ubytovanie Ve\u013ek\u00fd Meder\" \/>\n<meta property=\"article:publisher\" content=\"https:\/\/www.facebook.com\/margareta.panzio.35\" \/>\n<meta property=\"article:modified_time\" content=\"2025-01-18T09:49:54+00:00\" \/>\n<meta name=\"twitter:card\" content=\"summary_large_image\" \/>\n<meta name=\"twitter:label1\" content=\"Odhadovan\u00e1 doba \u010dten\u00ed\" \/>\n\t<meta name=\"twitter:data1\" content=\"2 minuty\" \/>\n<script type=\"application\/ld+json\" class=\"yoast-schema-graph\">{\"@context\":\"https:\/\/schema.org\",\"@graph\":[{\"@type\":\"WebPage\",\"@id\":\"https:\/\/www.penzionmargareta.sk\/akciove-pobyty\/\",\"url\":\"https:\/\/www.penzionmargareta.sk\/akciove-pobyty\/\",\"name\":\"Ak\u010dn\u00ed pobyty - Penzi\u00f3n Margar\u00e9ta ** - ubytovanie Ve\u013ek\u00fd Meder\",\"isPartOf\":{\"@id\":\"https:\/\/www.penzionmargareta.sk\/#website\"},\"datePublished\":\"2023-01-17T12:29:09+00:00\",\"dateModified\":\"2025-01-18T09:49:54+00:00\",\"breadcrumb\":{\"@id\":\"https:\/\/www.penzionmargareta.sk\/akciove-pobyty\/#breadcrumb\"},\"inLanguage\":\"cs\",\"potentialAction\":[{\"@type\":\"ReadAction\",\"target\":[\"https:\/\/www.penzionmargareta.sk\/akciove-pobyty\/\"]}]},{\"@type\":\"BreadcrumbList\",\"@id\":\"https:\/\/www.penzionmargareta.sk\/akciove-pobyty\/#breadcrumb\",\"itemListElement\":[{\"@type\":\"ListItem\",\"position\":1,\"name\":\"Domovsk\u00e1 str\u00e1nka\",\"item\":\"https:\/\/www.penzionmargareta.sk\/\"},{\"@type\":\"ListItem\",\"position\":2,\"name\":\"Ak\u010dn\u00ed pobyty\"}]},{\"@type\":\"WebSite\",\"@id\":\"https:\/\/www.penzionmargareta.sk\/#website\",\"url\":\"https:\/\/www.penzionmargareta.sk\/\",\"name\":\"Penzi\u00f3n Margar\u00e9ta ** - ubytovanie Ve\u013ek\u00fd Meder\",\"description\":\"\",\"publisher\":{\"@id\":\"https:\/\/www.penzionmargareta.sk\/#organization\"},\"potentialAction\":[{\"@type\":\"SearchAction\",\"target\":{\"@type\":\"EntryPoint\",\"urlTemplate\":\"https:\/\/www.penzionmargareta.sk\/?s={search_term_string}\"},\"query-input\":{\"@type\":\"PropertyValueSpecification\",\"valueRequired\":true,\"valueName\":\"search_term_string\"}}],\"inLanguage\":\"cs\"},{\"@type\":\"Organization\",\"@id\":\"https:\/\/www.penzionmargareta.sk\/#organization\",\"name\":\"Penzi\u00f3n Margar\u00e9ta ** - ubytovanie Ve\u013ek\u00fd Meder\",\"url\":\"https:\/\/www.penzionmargareta.sk\/\",\"logo\":{\"@type\":\"ImageObject\",\"inLanguage\":\"cs\",\"@id\":\"https:\/\/www.penzionmargareta.sk\/#\/schema\/logo\/image\/\",\"url\":\"https:\/\/www.penzionmargareta.sk\/wp-content\/uploads\/2022\/11\/penzionmargareta_logo.svg\",\"contentUrl\":\"https:\/\/www.penzionmargareta.sk\/wp-content\/uploads\/2022\/11\/penzionmargareta_logo.svg\",\"width\":100,\"height\":100,\"caption\":\"Penzi\u00f3n Margar\u00e9ta ** - ubytovanie Ve\u013ek\u00fd Meder\"},\"image\":{\"@id\":\"https:\/\/www.penzionmargareta.sk\/#\/schema\/logo\/image\/\"},\"sameAs\":[\"https:\/\/www.facebook.com\/margareta.panzio.35\"]}]}<\/script>\n<!-- \/ Yoast SEO plugin. -->","yoast_head_json":{"title":"Ak\u010dn\u00ed pobyty - Penzi\u00f3n Margar\u00e9ta ** - ubytovanie Ve\u013ek\u00fd Meder","robots":{"index":"index","follow":"follow","max-snippet":"max-snippet:-1","max-image-preview":"max-image-preview:large","max-video-preview":"max-video-preview:-1"},"canonical":"https:\/\/www.penzionmargareta.sk\/akciove-pobyty\/","og_locale":"cs_CZ","og_type":"article","og_title":"Ak\u010dn\u00ed pobyty - Penzi\u00f3n Margar\u00e9ta ** - ubytovanie Ve\u013ek\u00fd Meder","og_description":"[vc_row][vc_column][vc_column_text] Relaxa\u010dn\u00ed pobyty se slevou P\u0159i objedn\u00e1vce pobyt\u016f pros\u00edme v rezervaci uv\u00e9st p\u0159esn\u00fd n\u00e1zev pobytov\u00e9ho bal\u00ed\u010dku. D\u011bkujeme. [\/vc_column_text][vc_empty_space][\/vc_column][\/vc_row][vc_row equal_height=&#8221;yes&#8221; css=&#8221;.vc_custom_1673960014463{margin-top: 0px !important;margin-right: 0px !important;margin-bottom: 0px !important;margin-left: 0px !important;padding-top: 0px !important;padding-right: 0px !important;padding-bottom: 0px !important;padding-left: 0px !important;}&#8221;][vc_column width=&#8221;2\/5&#8243; css=&#8221;.vc_custom_1737193653057{margin-top: 0px !important;margin-right: 0px !important;margin-bottom: 0px !important;margin-left: 0px !important;padding-top: 0px !important;padding-right: 0px !important;padding-bottom: 0px !important;padding-left: 0px !important;background-image: url(https:\/\/www.penzionmargareta.sk\/wp-content\/uploads\/2023\/04\/pexels-markus-spiske-1971086-scaled.jpg?id=3446) [&hellip;]","og_url":"https:\/\/www.penzionmargareta.sk\/akciove-pobyty\/","og_site_name":"Penzi\u00f3n Margar\u00e9ta ** - ubytovanie Ve\u013ek\u00fd Meder","article_publisher":"https:\/\/www.facebook.com\/margareta.panzio.35","article_modified_time":"2025-01-18T09:49:54+00:00","twitter_card":"summary_large_image","twitter_misc":{"Odhadovan\u00e1 doba \u010dten\u00ed":"2 minuty"},"schema":{"@context":"https:\/\/schema.org","@graph":[{"@type":"WebPage","@id":"https:\/\/www.penzionmargareta.sk\/akciove-pobyty\/","url":"https:\/\/www.penzionmargareta.sk\/akciove-pobyty\/","name":"Ak\u010dn\u00ed pobyty - Penzi\u00f3n Margar\u00e9ta ** - ubytovanie Ve\u013ek\u00fd Meder","isPartOf":{"@id":"https:\/\/www.penzionmargareta.sk\/#website"},"datePublished":"2023-01-17T12:29:09+00:00","dateModified":"2025-01-18T09:49:54+00:00","breadcrumb":{"@id":"https:\/\/www.penzionmargareta.sk\/akciove-pobyty\/#breadcrumb"},"inLanguage":"cs","potentialAction":[{"@type":"ReadAction","target":["https:\/\/www.penzionmargareta.sk\/akciove-pobyty\/"]}]},{"@type":"BreadcrumbList","@id":"https:\/\/www.penzionmargareta.sk\/akciove-pobyty\/#breadcrumb","itemListElement":[{"@type":"ListItem","position":1,"name":"Domovsk\u00e1 str\u00e1nka","item":"https:\/\/www.penzionmargareta.sk\/"},{"@type":"ListItem","position":2,"name":"Ak\u010dn\u00ed pobyty"}]},{"@type":"WebSite","@id":"https:\/\/www.penzionmargareta.sk\/#website","url":"https:\/\/www.penzionmargareta.sk\/","name":"Penzi\u00f3n Margar\u00e9ta ** - ubytovanie Ve\u013ek\u00fd Meder","description":"","publisher":{"@id":"https:\/\/www.penzionmargareta.sk\/#organization"},"potentialAction":[{"@type":"SearchAction","target":{"@type":"EntryPoint","urlTemplate":"https:\/\/www.penzionmargareta.sk\/?s={search_term_string}"},"query-input":{"@type":"PropertyValueSpecification","valueRequired":true,"valueName":"search_term_string"}}],"inLanguage":"cs"},{"@type":"Organization","@id":"https:\/\/www.penzionmargareta.sk\/#organization","name":"Penzi\u00f3n Margar\u00e9ta ** - ubytovanie Ve\u013ek\u00fd Meder","url":"https:\/\/www.penzionmargareta.sk\/","logo":{"@type":"ImageObject","inLanguage":"cs","@id":"https:\/\/www.penzionmargareta.sk\/#\/schema\/logo\/image\/","url":"https:\/\/www.penzionmargareta.sk\/wp-content\/uploads\/2022\/11\/penzionmargareta_logo.svg","contentUrl":"https:\/\/www.penzionmargareta.sk\/wp-content\/uploads\/2022\/11\/penzionmargareta_logo.svg","width":100,"height":100,"caption":"Penzi\u00f3n Margar\u00e9ta ** - ubytovanie Ve\u013ek\u00fd Meder"},"image":{"@id":"https:\/\/www.penzionmargareta.sk\/#\/schema\/logo\/image\/"},"sameAs":["https:\/\/www.facebook.com\/margareta.panzio.35"]}]}},"_links":{"self":[{"href":"https:\/\/www.penzionmargareta.sk\/cs\/wp-json\/wp\/v2\/pages\/3195","targetHints":{"allow":["GET"]}}],"collection":[{"href":"https:\/\/www.penzionmargareta.sk\/cs\/wp-json\/wp\/v2\/pages"}],"about":[{"href":"https:\/\/www.penzionmargareta.sk\/cs\/wp-json\/wp\/v2\/types\/page"}],"author":[{"embeddable":true,"href":"https:\/\/www.penzionmargareta.sk\/cs\/wp-json\/wp\/v2\/users\/1"}],"replies":[{"embeddable":true,"href":"https:\/\/www.penzionmargareta.sk\/cs\/wp-json\/wp\/v2\/comments?post=3195"}],"version-history":[{"count":12,"href":"https:\/\/www.penzionmargareta.sk\/cs\/wp-json\/wp\/v2\/pages\/3195\/revisions"}],"predecessor-version":[{"id":5491,"href":"https:\/\/www.penzionmargareta.sk\/cs\/wp-json\/wp\/v2\/pages\/3195\/revisions\/5491"}],"wp:attachment":[{"href":"https:\/\/www.penzionmargareta.sk\/cs\/wp-json\/wp\/v2\/media?parent=3195"}],"curies":[{"name":"wp","href":"https:\/\/api.w.org\/{rel}","templated":true}]}}