{"id":3193,"date":"2022-12-06T12:15:37","date_gmt":"2022-12-06T11:15:37","guid":{"rendered":"https:\/\/www.penzionmargareta.sk\/pokoje\/"},"modified":"2023-03-16T10:21:05","modified_gmt":"2023-03-16T09:21:05","slug":"pokoje","status":"publish","type":"page","link":"https:\/\/www.penzionmargareta.sk\/cs\/pokoje\/","title":{"rendered":"Pokoje"},"content":{"rendered":"<div class=\"wpb-content-wrapper\"><p>[vc_row][vc_column]\r\n    \r\n        <div class=\"eb-rooms-list\">\r\n\r\n      \r\n<div id=\"eb-archive-room-3202\" class=\"room-list-item room-list-item-archive sidebar-none\">\r\n\r\n    <div class=\"eb-room-thumbnail\">\r\n                <figure class=\"gradient-overlay overlay-opacity-02 slide-right-hover\">\r\n            <a href=\"https:\/\/www.penzionmargareta.sk\/cs\/izby\/apartman-family-pro-max-6-osob\/\">\r\n            <img decoding=\"async\" alt=\"Apartm\u00e1n &#8220;Family&#8221; (pro max. 6 osob)\" src=\"https:\/\/www.penzionmargareta.sk\/wp-content\/uploads\/2022\/12\/apartman11-720x470.jpg\">\r\n            <\/a>\r\n        <\/figure>\r\n            <\/div>\r\n\r\n    <div class=\"room-details\">\r\n        <h3 class=\"title\">\r\n            <a href=\"https:\/\/www.penzionmargareta.sk\/cs\/izby\/apartman-family-pro-max-6-osob\/\">Apartm\u00e1n &#8220;Family&#8221; (pro max. 6 osob)<\/a>\r\n        <\/h3>\r\n        <p style=\"margin-top: 20px;\">Celkov\u00e1 rozloha luxusn\u00edho apartm\u00e1nu je 65 m2 s dv\u011bma samostatn\u00fdmi lo\u017enicemi (trojl\u016f\u017ekov\u00e9), velkou kuchyn\u00ed a ob\u00fdvac\u00edm pokojem, koupelnou se sprchou a vanou a velkou terasou.<\/p>\r\n\r\n        \r\n<div class=\"room-services\">\r\n    <div class=\"dragscroll\">\r\n\r\n        <div class=\"room-service-item\" data-toggle=\"popover\" data-placement=\"top\" data-trigger=\"hover\" data-content=\"\" data-original-title=\"Lo\u017enice 2x\">\r\n                            <i class=\"fas fa-bed\"><\/i>\r\n                    <\/div>\r\n\r\n            <div class=\"room-service-item\" data-toggle=\"popover\" data-placement=\"top\" data-trigger=\"hover\" data-content=\"\" data-original-title=\"Ob\u00fdvac\u00ed pokoj\">\r\n                            <i class=\"fas fa-couch\"><\/i>\r\n                    <\/div>\r\n\r\n            <div class=\"room-service-item\" data-toggle=\"popover\" data-placement=\"top\" data-trigger=\"hover\" data-content=\"\" data-original-title=\"Kuchyn\u011b\">\r\n                            <i class=\"fas fa-mug-hot\"><\/i>\r\n                    <\/div>\r\n\r\n            <div class=\"room-service-item\" data-toggle=\"popover\" data-placement=\"top\" data-trigger=\"hover\" data-content=\"\" data-original-title=\"Koupelna s vanou\">\r\n                            <i class=\"fas fa-bath\"><\/i>\r\n                    <\/div>\r\n\r\n            <div class=\"room-service-item\" data-toggle=\"popover\" data-placement=\"top\" data-trigger=\"hover\" data-content=\"\" data-original-title=\"Terasa \/ balk\u00f3n\">\r\n                            <img decoding=\"async\" src=\"https:\/\/www.penzionmargareta.sk\/wp-content\/uploads\/2023\/01\/balcony.png\" class=\"terasa-\/-balk\u00f3n\" loading=\"lazy\">\r\n                    <\/div>\r\n\r\n            <div class=\"room-service-item\" data-toggle=\"popover\" data-placement=\"top\" data-trigger=\"hover\" data-content=\"\" data-original-title=\"Sn\u00eddan\u011b\">\r\n                            <i class=\"fa fa-cutlery\"><\/i>\r\n                    <\/div>\r\n\r\n            <div class=\"room-service-item\" data-toggle=\"popover\" data-placement=\"top\" data-trigger=\"hover\" data-content=\"\" data-original-title=\"TV\">\r\n                            <i class=\"fas fa-tv\"><\/i>\r\n                    <\/div>\r\n\r\n            <div class=\"room-service-item\" data-toggle=\"popover\" data-placement=\"top\" data-trigger=\"hover\" data-content=\"\" data-original-title=\"Minibar\">\r\n                            <i class=\"fa fa-glass\"><\/i>\r\n                    <\/div>\r\n\r\n            <div class=\"room-service-item\" data-toggle=\"popover\" data-placement=\"top\" data-trigger=\"hover\" data-content=\"\" data-original-title=\"Mikrovlnka\">\r\n                            <img decoding=\"async\" src=\"https:\/\/www.penzionmargareta.sk\/wp-content\/uploads\/2023\/01\/microwave.png\" class=\"mikrovlnka\" loading=\"lazy\">\r\n                    <\/div>\r\n\r\n            <div class=\"room-service-item\" data-toggle=\"popover\" data-placement=\"top\" data-trigger=\"hover\" data-content=\"\" data-original-title=\"F\u00e9n na vlasy\">\r\n                            <img decoding=\"async\" src=\"https:\/\/www.penzionmargareta.sk\/wp-content\/uploads\/2023\/01\/hair-dryer.png\" class=\"f\u00e9n-na-vlasy\" loading=\"lazy\">\r\n                    <\/div>\r\n\r\n            <div class=\"room-service-item\" data-toggle=\"popover\" data-placement=\"top\" data-trigger=\"hover\" data-content=\"\" data-original-title=\"Wi-Fi\">\r\n                            <i class=\"fa fa-wifi\"><\/i>\r\n                    <\/div>\r\n\r\n            <div class=\"room-service-item\" data-toggle=\"popover\" data-placement=\"top\" data-trigger=\"hover\" data-content=\"\" data-original-title=\"Rychlovarn\u00e1 konvice\">\r\n                            <img decoding=\"async\" src=\"https:\/\/www.penzionmargareta.sk\/wp-content\/uploads\/2023\/01\/kanvica.png\" class=\"rychlovarn\u00e1-konvice\" loading=\"lazy\">\r\n                    <\/div>\r\n\r\n            <div class=\"room-service-item\" data-toggle=\"popover\" data-placement=\"top\" data-trigger=\"hover\" data-content=\"\" data-original-title=\"Trezor\">\r\n                            <img decoding=\"async\" src=\"https:\/\/www.penzionmargareta.sk\/wp-content\/uploads\/2023\/01\/deposit.png\" class=\"trezor\" loading=\"lazy\">\r\n                    <\/div>\r\n\r\n    \r\n    <\/div>\r\n<\/div>\r\n\r\n\r\n    <\/div>\r\n\r\n    <div style=\"padding: 62px 30px; text-align: center\">\r\n                <a href=\"https:\/\/www.penzionmargareta.sk\/cs\/izby\/apartman-family-pro-max-6-osob\/\" class=\"btn eb-btn\">More Details <i class=\"fa fa fa-chevron-right\"><\/i><\/a>\r\n    <\/div>\r\n\r\n<\/div>\r\n<div id=\"eb-archive-room-3209\" class=\"room-list-item room-list-item-archive sidebar-none\">\r\n\r\n    <div class=\"eb-room-thumbnail\">\r\n                <figure class=\"gradient-overlay overlay-opacity-02 slide-right-hover\">\r\n            <a href=\"https:\/\/www.penzionmargareta.sk\/cs\/izby\/pokoj-classic-plus-trojluzkovy\/\">\r\n            <img decoding=\"async\" alt=\"Pokoj classic plus (trojl\u016f\u017ekov\u00fd)\" src=\"https:\/\/www.penzionmargareta.sk\/wp-content\/uploads\/2022\/12\/ubytovanie_velky_meder_b_9747f0bd1b102b2c-720x470.jpg\">\r\n            <\/a>\r\n        <\/figure>\r\n            <\/div>\r\n\r\n    <div class=\"room-details\">\r\n        <h3 class=\"title\">\r\n            <a href=\"https:\/\/www.penzionmargareta.sk\/cs\/izby\/pokoj-classic-plus-trojluzkovy\/\">Pokoj classic plus (trojl\u016f\u017ekov\u00fd)<\/a>\r\n        <\/h3>\r\n        <p style=\"margin-top: 20px;\">Zde se nach\u00e1z\u00ed i mal\u00fd kuchy\u0148sk\u00fd koutek s mikrovlnkou, rychlovarnou konvic\u00ed a z\u00e1kladn\u00ed kuchy\u0148skou v\u00fdbavou \u2013 bez mo\u017enosti va\u0159en\u00ed. Doporu\u010dujeme zejm\u00e9na rodin\u00e1m s mal\u00fdmi d\u011btmi.<\/p>\r\n\r\n        \r\n<div class=\"room-services\">\r\n    <div class=\"dragscroll\">\r\n\r\n        <div class=\"room-service-item\" data-toggle=\"popover\" data-placement=\"top\" data-trigger=\"hover\" data-content=\"\" data-original-title=\"Kuchy\u0148sk\u00e1 linka\">\r\n                            <i class=\"fas fa-mug-hot\"><\/i>\r\n                    <\/div>\r\n\r\n            <div class=\"room-service-item\" data-toggle=\"popover\" data-placement=\"top\" data-trigger=\"hover\" data-content=\"\" data-original-title=\"Koupelna se sprchou\">\r\n                            <i class=\"fas fa-shower\"><\/i>\r\n                    <\/div>\r\n\r\n            <div class=\"room-service-item\" data-toggle=\"popover\" data-placement=\"top\" data-trigger=\"hover\" data-content=\"\" data-original-title=\"Rychlovarn\u00e1 konvice\">\r\n                            <img decoding=\"async\" src=\"https:\/\/www.penzionmargareta.sk\/wp-content\/uploads\/2023\/01\/kanvica.png\" class=\"rychlovarn\u00e1-konvice\" loading=\"lazy\">\r\n                    <\/div>\r\n\r\n            <div class=\"room-service-item\" data-toggle=\"popover\" data-placement=\"top\" data-trigger=\"hover\" data-content=\"\" data-original-title=\"Mikrovlnka\">\r\n                            <img decoding=\"async\" src=\"https:\/\/www.penzionmargareta.sk\/wp-content\/uploads\/2023\/01\/microwave.png\" class=\"mikrovlnka\" loading=\"lazy\">\r\n                    <\/div>\r\n\r\n            <div class=\"room-service-item\" data-toggle=\"popover\" data-placement=\"top\" data-trigger=\"hover\" data-content=\"\" data-original-title=\"Terasa \/ balk\u00f3n\">\r\n                            <img decoding=\"async\" src=\"https:\/\/www.penzionmargareta.sk\/wp-content\/uploads\/2023\/01\/balcony.png\" class=\"terasa-\/-balk\u00f3n\" loading=\"lazy\">\r\n                    <\/div>\r\n\r\n            <div class=\"room-service-item\" data-toggle=\"popover\" data-placement=\"top\" data-trigger=\"hover\" data-content=\"\" data-original-title=\"F\u00e9n na vlasy\">\r\n                            <img decoding=\"async\" src=\"https:\/\/www.penzionmargareta.sk\/wp-content\/uploads\/2023\/01\/hair-dryer.png\" class=\"f\u00e9n-na-vlasy\" loading=\"lazy\">\r\n                    <\/div>\r\n\r\n            <div class=\"room-service-item\" data-toggle=\"popover\" data-placement=\"top\" data-trigger=\"hover\" data-content=\"\" data-original-title=\"Trezor\">\r\n                            <img decoding=\"async\" src=\"https:\/\/www.penzionmargareta.sk\/wp-content\/uploads\/2023\/01\/deposit.png\" class=\"trezor\" loading=\"lazy\">\r\n                    <\/div>\r\n\r\n            <div class=\"room-service-item\" data-toggle=\"popover\" data-placement=\"top\" data-trigger=\"hover\" data-content=\"\" data-original-title=\"Minibar\">\r\n                            <i class=\"fa fa-glass\"><\/i>\r\n                    <\/div>\r\n\r\n            <div class=\"room-service-item\" data-toggle=\"popover\" data-placement=\"top\" data-trigger=\"hover\" data-content=\"\" data-original-title=\"Sn\u00eddan\u011b\">\r\n                            <i class=\"fa fa-cutlery\"><\/i>\r\n                    <\/div>\r\n\r\n            <div class=\"room-service-item\" data-toggle=\"popover\" data-placement=\"top\" data-trigger=\"hover\" data-content=\"\" data-original-title=\"TV\">\r\n                            <i class=\"fas fa-tv\"><\/i>\r\n                    <\/div>\r\n\r\n            <div class=\"room-service-item\" data-toggle=\"popover\" data-placement=\"top\" data-trigger=\"hover\" data-content=\"\" data-original-title=\"Wi-Fi\">\r\n                            <i class=\"fa fa-wifi\"><\/i>\r\n                    <\/div>\r\n\r\n    \r\n    <\/div>\r\n<\/div>\r\n\r\n\r\n    <\/div>\r\n\r\n    <div style=\"padding: 62px 30px; text-align: center\">\r\n                <a href=\"https:\/\/www.penzionmargareta.sk\/cs\/izby\/pokoj-classic-plus-trojluzkovy\/\" class=\"btn eb-btn\">More Details <i class=\"fa fa fa-chevron-right\"><\/i><\/a>\r\n    <\/div>\r\n\r\n<\/div>\r\n<div id=\"eb-archive-room-3212\" class=\"room-list-item room-list-item-archive sidebar-none\">\r\n\r\n    <div class=\"eb-room-thumbnail\">\r\n                <figure class=\"gradient-overlay overlay-opacity-02 slide-right-hover\">\r\n            <a href=\"https:\/\/www.penzionmargareta.sk\/cs\/izby\/pokoj-classic-dvojluzkovy\/\">\r\n            <img decoding=\"async\" alt=\"Pokoj classic (dvojl\u016f\u017ekov\u00fd)\" src=\"https:\/\/www.penzionmargareta.sk\/wp-content\/uploads\/2022\/12\/ubytovanie_velky_meder_b_55e7c6e52d42772a-720x470.jpg\">\r\n            <\/a>\r\n        <\/figure>\r\n            <\/div>\r\n\r\n    <div class=\"room-details\">\r\n        <h3 class=\"title\">\r\n            <a href=\"https:\/\/www.penzionmargareta.sk\/cs\/izby\/pokoj-classic-dvojluzkovy\/\">Pokoj classic (dvojl\u016f\u017ekov\u00fd)<\/a>\r\n        <\/h3>\r\n        <p style=\"margin-top: 20px;\">Standardn\u00ed vybaven\u00ed pro kategorii penzion (sprcha, WC, TV, trezor, terasa\/balk\u00f3n, rychlovarn\u00e1 konvice a minibar). Doporu\u010dujeme pro p\u00e1ry.<\/p>\r\n\r\n        \r\n<div class=\"room-services\">\r\n    <div class=\"dragscroll\">\r\n\r\n        <div class=\"room-service-item\" data-toggle=\"popover\" data-placement=\"top\" data-trigger=\"hover\" data-content=\"\" data-original-title=\"Koupelna se sprchou\">\r\n                            <i class=\"fas fa-shower\"><\/i>\r\n                    <\/div>\r\n\r\n            <div class=\"room-service-item\" data-toggle=\"popover\" data-placement=\"top\" data-trigger=\"hover\" data-content=\"\" data-original-title=\"Sn\u00eddan\u011b\">\r\n                            <i class=\"fa fa-cutlery\"><\/i>\r\n                    <\/div>\r\n\r\n            <div class=\"room-service-item\" data-toggle=\"popover\" data-placement=\"top\" data-trigger=\"hover\" data-content=\"\" data-original-title=\"TV\">\r\n                            <i class=\"fas fa-tv\"><\/i>\r\n                    <\/div>\r\n\r\n            <div class=\"room-service-item\" data-toggle=\"popover\" data-placement=\"top\" data-trigger=\"hover\" data-content=\"\" data-original-title=\"Minibar\">\r\n                            <i class=\"fa fa-glass\"><\/i>\r\n                    <\/div>\r\n\r\n            <div class=\"room-service-item\" data-toggle=\"popover\" data-placement=\"top\" data-trigger=\"hover\" data-content=\"\" data-original-title=\"Mikrovlnka\">\r\n                            <img decoding=\"async\" src=\"https:\/\/www.penzionmargareta.sk\/wp-content\/uploads\/2023\/01\/microwave.png\" class=\"mikrovlnka\" loading=\"lazy\">\r\n                    <\/div>\r\n\r\n            <div class=\"room-service-item\" data-toggle=\"popover\" data-placement=\"top\" data-trigger=\"hover\" data-content=\"\" data-original-title=\"Terasa \/ balk\u00f3n\">\r\n                            <img decoding=\"async\" src=\"https:\/\/www.penzionmargareta.sk\/wp-content\/uploads\/2023\/01\/balcony.png\" class=\"terasa-\/-balk\u00f3n\" loading=\"lazy\">\r\n                    <\/div>\r\n\r\n            <div class=\"room-service-item\" data-toggle=\"popover\" data-placement=\"top\" data-trigger=\"hover\" data-content=\"\" data-original-title=\"F\u00e9n na vlasy\">\r\n                            <img decoding=\"async\" src=\"https:\/\/www.penzionmargareta.sk\/wp-content\/uploads\/2023\/01\/hair-dryer.png\" class=\"f\u00e9n-na-vlasy\" loading=\"lazy\">\r\n                    <\/div>\r\n\r\n            <div class=\"room-service-item\" data-toggle=\"popover\" data-placement=\"top\" data-trigger=\"hover\" data-content=\"\" data-original-title=\"Trezor\">\r\n                            <img decoding=\"async\" src=\"https:\/\/www.penzionmargareta.sk\/wp-content\/uploads\/2023\/01\/deposit.png\" class=\"trezor\" loading=\"lazy\">\r\n                    <\/div>\r\n\r\n            <div class=\"room-service-item\" data-toggle=\"popover\" data-placement=\"top\" data-trigger=\"hover\" data-content=\"\" data-original-title=\"Rychlovarn\u00e1 konvice\">\r\n                            <img decoding=\"async\" src=\"https:\/\/www.penzionmargareta.sk\/wp-content\/uploads\/2023\/01\/kanvica.png\" class=\"rychlovarn\u00e1-konvice\" loading=\"lazy\">\r\n                    <\/div>\r\n\r\n            <div class=\"room-service-item\" data-toggle=\"popover\" data-placement=\"top\" data-trigger=\"hover\" data-content=\"\" data-original-title=\"Wi-Fi\">\r\n                            <i class=\"fa fa-wifi\"><\/i>\r\n                    <\/div>\r\n\r\n    \r\n    <\/div>\r\n<\/div>\r\n\r\n\r\n    <\/div>\r\n\r\n    <div style=\"padding: 62px 30px; text-align: center\">\r\n                <a href=\"https:\/\/www.penzionmargareta.sk\/cs\/izby\/pokoj-classic-dvojluzkovy\/\" class=\"btn eb-btn\">More Details <i class=\"fa fa fa-chevron-right\"><\/i><\/a>\r\n    <\/div>\r\n\r\n<\/div>\r\n      <\/div>\r\n\r\n    [\/vc_column][\/vc_row]<\/p>\n<\/div>","protected":false},"excerpt":{"rendered":"<p>[vc_row][vc_column][\/vc_column][\/vc_row]<\/p>\n","protected":false},"author":1,"featured_media":0,"parent":0,"menu_order":0,"comment_status":"closed","ping_status":"closed","template":"","meta":{"inline_featured_image":false,"footnotes":""},"class_list":["post-3193","page","type-page","status-publish","hentry"],"yoast_head":"<!-- This site is optimized with the Yoast SEO plugin v24.3 - https:\/\/yoast.com\/wordpress\/plugins\/seo\/ -->\n<title>Pokoje - Penzi\u00f3n Margar\u00e9ta ** - ubytovanie Ve\u013ek\u00fd Meder<\/title>\n<meta name=\"description\" content=\"Pokoje - Pension Margar\u00e9ta ** - ubytov\u00e1n\u00ed Ve\u013ek\u00fd Meder\" \/>\n<meta name=\"robots\" content=\"index, follow, max-snippet:-1, max-image-preview:large, max-video-preview:-1\" \/>\n<link rel=\"canonical\" href=\"https:\/\/www.penzionmargareta.sk\/cs\/pokoje\/\" \/>\n<meta property=\"og:locale\" content=\"cs_CZ\" \/>\n<meta property=\"og:type\" content=\"article\" \/>\n<meta property=\"og:title\" content=\"Pokoje - Penzi\u00f3n Margar\u00e9ta ** - ubytovanie Ve\u013ek\u00fd Meder\" \/>\n<meta property=\"og:description\" content=\"Pokoje - Pension Margar\u00e9ta ** - ubytov\u00e1n\u00ed Ve\u013ek\u00fd Meder\" \/>\n<meta property=\"og:url\" content=\"https:\/\/www.penzionmargareta.sk\/cs\/pokoje\/\" \/>\n<meta property=\"og:site_name\" content=\"Penzi\u00f3n Margar\u00e9ta ** - ubytovanie Ve\u013ek\u00fd Meder\" \/>\n<meta property=\"article:publisher\" content=\"https:\/\/www.facebook.com\/margareta.panzio.35\" \/>\n<meta property=\"article:modified_time\" content=\"2023-03-16T09:21:05+00:00\" \/>\n<meta name=\"twitter:card\" content=\"summary_large_image\" \/>\n<meta name=\"twitter:label1\" content=\"Odhadovan\u00e1 doba \u010dten\u00ed\" \/>\n\t<meta name=\"twitter:data1\" content=\"1 minuta\" \/>\n<script type=\"application\/ld+json\" class=\"yoast-schema-graph\">{\"@context\":\"https:\/\/schema.org\",\"@graph\":[{\"@type\":\"WebPage\",\"@id\":\"https:\/\/www.penzionmargareta.sk\/cs\/pokoje\/\",\"url\":\"https:\/\/www.penzionmargareta.sk\/cs\/pokoje\/\",\"name\":\"Pokoje - Penzi\u00f3n Margar\u00e9ta ** - ubytovanie Ve\u013ek\u00fd Meder\",\"isPartOf\":{\"@id\":\"https:\/\/www.penzionmargareta.sk\/#website\"},\"datePublished\":\"2022-12-06T11:15:37+00:00\",\"dateModified\":\"2023-03-16T09:21:05+00:00\",\"description\":\"Pokoje - Pension Margar\u00e9ta ** - ubytov\u00e1n\u00ed Ve\u013ek\u00fd Meder\",\"breadcrumb\":{\"@id\":\"https:\/\/www.penzionmargareta.sk\/cs\/pokoje\/#breadcrumb\"},\"inLanguage\":\"cs\",\"potentialAction\":[{\"@type\":\"ReadAction\",\"target\":[\"https:\/\/www.penzionmargareta.sk\/cs\/pokoje\/\"]}]},{\"@type\":\"BreadcrumbList\",\"@id\":\"https:\/\/www.penzionmargareta.sk\/cs\/pokoje\/#breadcrumb\",\"itemListElement\":[{\"@type\":\"ListItem\",\"position\":1,\"name\":\"Domovsk\u00e1 str\u00e1nka\",\"item\":\"https:\/\/www.penzionmargareta.sk\/\"},{\"@type\":\"ListItem\",\"position\":2,\"name\":\"Pokoje\"}]},{\"@type\":\"WebSite\",\"@id\":\"https:\/\/www.penzionmargareta.sk\/#website\",\"url\":\"https:\/\/www.penzionmargareta.sk\/\",\"name\":\"Penzi\u00f3n Margar\u00e9ta ** - ubytovanie Ve\u013ek\u00fd Meder\",\"description\":\"\",\"publisher\":{\"@id\":\"https:\/\/www.penzionmargareta.sk\/#organization\"},\"potentialAction\":[{\"@type\":\"SearchAction\",\"target\":{\"@type\":\"EntryPoint\",\"urlTemplate\":\"https:\/\/www.penzionmargareta.sk\/?s={search_term_string}\"},\"query-input\":{\"@type\":\"PropertyValueSpecification\",\"valueRequired\":true,\"valueName\":\"search_term_string\"}}],\"inLanguage\":\"cs\"},{\"@type\":\"Organization\",\"@id\":\"https:\/\/www.penzionmargareta.sk\/#organization\",\"name\":\"Penzi\u00f3n Margar\u00e9ta ** - ubytovanie Ve\u013ek\u00fd Meder\",\"url\":\"https:\/\/www.penzionmargareta.sk\/\",\"logo\":{\"@type\":\"ImageObject\",\"inLanguage\":\"cs\",\"@id\":\"https:\/\/www.penzionmargareta.sk\/#\/schema\/logo\/image\/\",\"url\":\"https:\/\/www.penzionmargareta.sk\/wp-content\/uploads\/2022\/11\/penzionmargareta_logo.svg\",\"contentUrl\":\"https:\/\/www.penzionmargareta.sk\/wp-content\/uploads\/2022\/11\/penzionmargareta_logo.svg\",\"width\":100,\"height\":100,\"caption\":\"Penzi\u00f3n Margar\u00e9ta ** - ubytovanie Ve\u013ek\u00fd Meder\"},\"image\":{\"@id\":\"https:\/\/www.penzionmargareta.sk\/#\/schema\/logo\/image\/\"},\"sameAs\":[\"https:\/\/www.facebook.com\/margareta.panzio.35\"]}]}<\/script>\n<!-- \/ Yoast SEO plugin. -->","yoast_head_json":{"title":"Pokoje - Penzi\u00f3n Margar\u00e9ta ** - ubytovanie Ve\u013ek\u00fd Meder","description":"Pokoje - Pension Margar\u00e9ta ** - ubytov\u00e1n\u00ed Ve\u013ek\u00fd Meder","robots":{"index":"index","follow":"follow","max-snippet":"max-snippet:-1","max-image-preview":"max-image-preview:large","max-video-preview":"max-video-preview:-1"},"canonical":"https:\/\/www.penzionmargareta.sk\/cs\/pokoje\/","og_locale":"cs_CZ","og_type":"article","og_title":"Pokoje - Penzi\u00f3n Margar\u00e9ta ** - ubytovanie Ve\u013ek\u00fd Meder","og_description":"Pokoje - Pension Margar\u00e9ta ** - ubytov\u00e1n\u00ed Ve\u013ek\u00fd Meder","og_url":"https:\/\/www.penzionmargareta.sk\/cs\/pokoje\/","og_site_name":"Penzi\u00f3n Margar\u00e9ta ** - ubytovanie Ve\u013ek\u00fd Meder","article_publisher":"https:\/\/www.facebook.com\/margareta.panzio.35","article_modified_time":"2023-03-16T09:21:05+00:00","twitter_card":"summary_large_image","twitter_misc":{"Odhadovan\u00e1 doba \u010dten\u00ed":"1 minuta"},"schema":{"@context":"https:\/\/schema.org","@graph":[{"@type":"WebPage","@id":"https:\/\/www.penzionmargareta.sk\/cs\/pokoje\/","url":"https:\/\/www.penzionmargareta.sk\/cs\/pokoje\/","name":"Pokoje - Penzi\u00f3n Margar\u00e9ta ** - ubytovanie Ve\u013ek\u00fd Meder","isPartOf":{"@id":"https:\/\/www.penzionmargareta.sk\/#website"},"datePublished":"2022-12-06T11:15:37+00:00","dateModified":"2023-03-16T09:21:05+00:00","description":"Pokoje - Pension Margar\u00e9ta ** - ubytov\u00e1n\u00ed Ve\u013ek\u00fd Meder","breadcrumb":{"@id":"https:\/\/www.penzionmargareta.sk\/cs\/pokoje\/#breadcrumb"},"inLanguage":"cs","potentialAction":[{"@type":"ReadAction","target":["https:\/\/www.penzionmargareta.sk\/cs\/pokoje\/"]}]},{"@type":"BreadcrumbList","@id":"https:\/\/www.penzionmargareta.sk\/cs\/pokoje\/#breadcrumb","itemListElement":[{"@type":"ListItem","position":1,"name":"Domovsk\u00e1 str\u00e1nka","item":"https:\/\/www.penzionmargareta.sk\/"},{"@type":"ListItem","position":2,"name":"Pokoje"}]},{"@type":"WebSite","@id":"https:\/\/www.penzionmargareta.sk\/#website","url":"https:\/\/www.penzionmargareta.sk\/","name":"Penzi\u00f3n Margar\u00e9ta ** - ubytovanie Ve\u013ek\u00fd Meder","description":"","publisher":{"@id":"https:\/\/www.penzionmargareta.sk\/#organization"},"potentialAction":[{"@type":"SearchAction","target":{"@type":"EntryPoint","urlTemplate":"https:\/\/www.penzionmargareta.sk\/?s={search_term_string}"},"query-input":{"@type":"PropertyValueSpecification","valueRequired":true,"valueName":"search_term_string"}}],"inLanguage":"cs"},{"@type":"Organization","@id":"https:\/\/www.penzionmargareta.sk\/#organization","name":"Penzi\u00f3n Margar\u00e9ta ** - ubytovanie Ve\u013ek\u00fd Meder","url":"https:\/\/www.penzionmargareta.sk\/","logo":{"@type":"ImageObject","inLanguage":"cs","@id":"https:\/\/www.penzionmargareta.sk\/#\/schema\/logo\/image\/","url":"https:\/\/www.penzionmargareta.sk\/wp-content\/uploads\/2022\/11\/penzionmargareta_logo.svg","contentUrl":"https:\/\/www.penzionmargareta.sk\/wp-content\/uploads\/2022\/11\/penzionmargareta_logo.svg","width":100,"height":100,"caption":"Penzi\u00f3n Margar\u00e9ta ** - ubytovanie Ve\u013ek\u00fd Meder"},"image":{"@id":"https:\/\/www.penzionmargareta.sk\/#\/schema\/logo\/image\/"},"sameAs":["https:\/\/www.facebook.com\/margareta.panzio.35"]}]}},"_links":{"self":[{"href":"https:\/\/www.penzionmargareta.sk\/cs\/wp-json\/wp\/v2\/pages\/3193","targetHints":{"allow":["GET"]}}],"collection":[{"href":"https:\/\/www.penzionmargareta.sk\/cs\/wp-json\/wp\/v2\/pages"}],"about":[{"href":"https:\/\/www.penzionmargareta.sk\/cs\/wp-json\/wp\/v2\/types\/page"}],"author":[{"embeddable":true,"href":"https:\/\/www.penzionmargareta.sk\/cs\/wp-json\/wp\/v2\/users\/1"}],"replies":[{"embeddable":true,"href":"https:\/\/www.penzionmargareta.sk\/cs\/wp-json\/wp\/v2\/comments?post=3193"}],"version-history":[{"count":7,"href":"https:\/\/www.penzionmargareta.sk\/cs\/wp-json\/wp\/v2\/pages\/3193\/revisions"}],"predecessor-version":[{"id":3285,"href":"https:\/\/www.penzionmargareta.sk\/cs\/wp-json\/wp\/v2\/pages\/3193\/revisions\/3285"}],"wp:attachment":[{"href":"https:\/\/www.penzionmargareta.sk\/cs\/wp-json\/wp\/v2\/media?parent=3193"}],"curies":[{"name":"wp","href":"https:\/\/api.w.org\/{rel}","templated":true}]}}