{"id":3169,"date":"2023-01-18T15:07:28","date_gmt":"2023-01-18T14:07:28","guid":{"rendered":"https:\/\/www.penzionmargareta.sk\/zajimavosti-zitneho-ostrova\/"},"modified":"2023-03-13T10:42:02","modified_gmt":"2023-03-13T09:42:02","slug":"zajimavosti-zitneho-ostrova","status":"publish","type":"page","link":"https:\/\/www.penzionmargareta.sk\/cs\/tip-na-vylet\/zajimavosti-zitneho-ostrova\/","title":{"rendered":"Zaj\u00edmavosti \u017ditn\u00e9ho ostrova"},"content":{"rendered":"<div class=\"wpb-content-wrapper\"><p>[vc_row][vc_column][vc_gallery type=&#8221;image_grid&#8221; images=&#8221;2704,2705,2706&#8243; img_size=&#8221;720&#215;500&#8243;][vc_column_text]<\/p>\n<p class=\"article_title align-left\"><strong>\u017ditn\u00fd ostrov &#8211; Podunaj\u00ed<\/strong><\/p>\n<div class=\"article_indents\">\n<p class=\"article_indent align-justify\">Podunajsko le\u017e\u00ed v jihov\u00fdchodn\u00ed \u010d\u00e1sti Slovenska. Zahrnuje okresy Kom\u00e1rno, Dunajsk\u00e1 Streda, Nov\u00e9 Z\u00e1mky, \u010d\u00e1ste\u010dn\u011b Galanta a Senec. Ji\u017en\u00ed hranici tvo\u0159\u00ed pod\u00e9l Dunaje ji\u017en\u00ed hranice s Ma\u010farskem, severn\u00ed hranici lev\u00e9 rameno Dunaje &#8211; Mal\u00fd Dunaj, severn\u00ed hranici okres Kom\u00e1rno a Pa\u0159\u00ed\u017esk\u00fd kan\u00e1l. Nejv\u011bt\u0161\u00ed \u010d\u00e1st\u00ed Podunaj\u00ed je \u017ditn\u00fd ostrov a cel\u00fd region je sou\u010d\u00e1st\u00ed Podunajsk\u00e9 n\u00ed\u017einy.<br class=\"one-br\"><br class=\"one-br\">Cestovn\u00ed ruch je zam\u011b\u0159en p\u0159edev\u0161\u00edm na vodn\u00ed sporty, kter\u00e9 se soust\u0159e\u010fuj\u00ed pod\u00e9l Dunaje a jeho ramen. Ramena Dunaje lemuj\u00ed lu\u017en\u00ed lesy se zvl\u00e1\u0161tn\u00ed faunou a fl\u00f3rou, co\u017e bylo d\u016fvodem k vytvo\u0159en\u00ed Chr\u00e1n\u011bn\u00e9 krajinn\u00e9 oblasti Dunajsk\u00e9 luhy. Zaj\u00edmavou atrakc\u00ed jsou tak\u00e9 zachovan\u00e9 vodn\u00ed ml\u00fdny na Mal\u00e9m Dunaji. Oblast je bohat\u00e1 na term\u00e1ln\u00ed prameny, kter\u00e9 daly vzniknout term\u00e1ln\u00edm l\u00e1zn\u00edm s mezin\u00e1rodn\u00ed klientelou. Rekrea\u010dn\u00ed aktivity dopl\u0148uj\u00ed sporty soust\u0159ed\u011bn\u00e9 na n\u00e1b\u0159e\u017e\u00ed Dunaje, jako je cyklistika, bruslen\u00ed a b\u011bh. D\u00edky sv\u00e9 bohat\u00e9 historii je oblast tak\u00e9 poseta kulturn\u00edmi a historick\u00fdmi pam\u00e1tkami od dob \u0158\u00edmsk\u00e9 \u0159\u00ed\u0161e a\u017e po sou\u010dasnost. Vhodn\u00e9 ter\u00e9nn\u00ed podm\u00ednky a dobr\u00e1 socioekonomick\u00e1 poloha jsou tak\u00e9 p\u0159\u00ed\u010dinou netradi\u010dn\u00edch typ\u016f aktivit, jako jsou golfov\u00e9, automobilov\u00e9 a z\u00e1vodn\u00ed dr\u00e1hy.<br class=\"one-br\"><br class=\"one-br\"><br class=\"one-br\"><\/p>\n<\/div>\n<p>[\/vc_column_text][\/vc_column][\/vc_row]<\/p>\n<\/div>","protected":false},"excerpt":{"rendered":"<p>[vc_row][vc_column][vc_gallery type=&#8221;image_grid&#8221; images=&#8221;2704,2705,2706&#8243; img_size=&#8221;720&#215;500&#8243;][vc_column_text] \u017ditn\u00fd ostrov &#8211; Podunaj\u00ed Podunajsko le\u017e\u00ed v jihov\u00fdchodn\u00ed \u010d\u00e1sti Slovenska. Zahrnuje okresy Kom\u00e1rno, Dunajsk\u00e1 Streda, Nov\u00e9 Z\u00e1mky, \u010d\u00e1ste\u010dn\u011b Galanta a Senec. Ji\u017en\u00ed hranici tvo\u0159\u00ed pod\u00e9l Dunaje ji\u017en\u00ed hranice s Ma\u010farskem, severn\u00ed hranici lev\u00e9 rameno Dunaje &#8211; Mal\u00fd Dunaj, severn\u00ed hranici okres Kom\u00e1rno a Pa\u0159\u00ed\u017esk\u00fd kan\u00e1l. Nejv\u011bt\u0161\u00ed \u010d\u00e1st\u00ed Podunaj\u00ed je \u017ditn\u00fd ostrov [&hellip;]<\/p>\n","protected":false},"author":1,"featured_media":0,"parent":3219,"menu_order":0,"comment_status":"closed","ping_status":"closed","template":"","meta":{"inline_featured_image":false,"footnotes":""},"class_list":["post-3169","page","type-page","status-publish","hentry"],"yoast_head":"<!-- This site is optimized with the Yoast SEO plugin v24.3 - https:\/\/yoast.com\/wordpress\/plugins\/seo\/ -->\n<title>Zaj\u00edmavosti \u017ditn\u00e9ho ostrova - Penzi\u00f3n Margar\u00e9ta ** - ubytovanie Ve\u013ek\u00fd Meder<\/title>\n<meta name=\"robots\" content=\"index, follow, max-snippet:-1, max-image-preview:large, max-video-preview:-1\" \/>\n<link rel=\"canonical\" href=\"https:\/\/www.penzionmargareta.sk\/cs\/zajimavosti-zitneho-ostrova\/\" \/>\n<meta property=\"og:locale\" content=\"cs_CZ\" \/>\n<meta property=\"og:type\" content=\"article\" \/>\n<meta property=\"og:title\" content=\"Zaj\u00edmavosti \u017ditn\u00e9ho ostrova - Penzi\u00f3n Margar\u00e9ta ** - ubytovanie Ve\u013ek\u00fd Meder\" \/>\n<meta property=\"og:description\" content=\"[vc_row][vc_column][vc_gallery type=&#8221;image_grid&#8221; images=&#8221;2704,2705,2706&#8243; img_size=&#8221;720&#215;500&#8243;][vc_column_text] \u017ditn\u00fd ostrov &#8211; Podunaj\u00ed Podunajsko le\u017e\u00ed v jihov\u00fdchodn\u00ed \u010d\u00e1sti Slovenska. Zahrnuje okresy Kom\u00e1rno, Dunajsk\u00e1 Streda, Nov\u00e9 Z\u00e1mky, \u010d\u00e1ste\u010dn\u011b Galanta a Senec. Ji\u017en\u00ed hranici tvo\u0159\u00ed pod\u00e9l Dunaje ji\u017en\u00ed hranice s Ma\u010farskem, severn\u00ed hranici lev\u00e9 rameno Dunaje &#8211; Mal\u00fd Dunaj, severn\u00ed hranici okres Kom\u00e1rno a Pa\u0159\u00ed\u017esk\u00fd kan\u00e1l. Nejv\u011bt\u0161\u00ed \u010d\u00e1st\u00ed Podunaj\u00ed je \u017ditn\u00fd ostrov [&hellip;]\" \/>\n<meta property=\"og:url\" content=\"https:\/\/www.penzionmargareta.sk\/cs\/zajimavosti-zitneho-ostrova\/\" \/>\n<meta property=\"og:site_name\" content=\"Penzi\u00f3n Margar\u00e9ta ** - ubytovanie Ve\u013ek\u00fd Meder\" \/>\n<meta property=\"article:publisher\" content=\"https:\/\/www.facebook.com\/margareta.panzio.35\" \/>\n<meta property=\"article:modified_time\" content=\"2023-03-13T09:42:02+00:00\" \/>\n<meta name=\"twitter:card\" content=\"summary_large_image\" \/>\n<meta name=\"twitter:label1\" content=\"Odhadovan\u00e1 doba \u010dten\u00ed\" \/>\n\t<meta name=\"twitter:data1\" content=\"1 minuta\" \/>\n<script type=\"application\/ld+json\" class=\"yoast-schema-graph\">{\"@context\":\"https:\/\/schema.org\",\"@graph\":[{\"@type\":\"WebPage\",\"@id\":\"https:\/\/www.penzionmargareta.sk\/cs\/zajimavosti-zitneho-ostrova\/\",\"url\":\"https:\/\/www.penzionmargareta.sk\/cs\/zajimavosti-zitneho-ostrova\/\",\"name\":\"Zaj\u00edmavosti \u017ditn\u00e9ho ostrova - Penzi\u00f3n Margar\u00e9ta ** - ubytovanie Ve\u013ek\u00fd Meder\",\"isPartOf\":{\"@id\":\"https:\/\/www.penzionmargareta.sk\/#website\"},\"datePublished\":\"2023-01-18T14:07:28+00:00\",\"dateModified\":\"2023-03-13T09:42:02+00:00\",\"breadcrumb\":{\"@id\":\"https:\/\/www.penzionmargareta.sk\/cs\/zajimavosti-zitneho-ostrova\/#breadcrumb\"},\"inLanguage\":\"cs\",\"potentialAction\":[{\"@type\":\"ReadAction\",\"target\":[\"https:\/\/www.penzionmargareta.sk\/cs\/zajimavosti-zitneho-ostrova\/\"]}]},{\"@type\":\"BreadcrumbList\",\"@id\":\"https:\/\/www.penzionmargareta.sk\/cs\/zajimavosti-zitneho-ostrova\/#breadcrumb\",\"itemListElement\":[{\"@type\":\"ListItem\",\"position\":1,\"name\":\"Domovsk\u00e1 str\u00e1nka\",\"item\":\"https:\/\/www.penzionmargareta.sk\/\"},{\"@type\":\"ListItem\",\"position\":2,\"name\":\"Zaj\u00edmavosti \u017ditn\u00e9ho ostrova\"}]},{\"@type\":\"WebSite\",\"@id\":\"https:\/\/www.penzionmargareta.sk\/#website\",\"url\":\"https:\/\/www.penzionmargareta.sk\/\",\"name\":\"Penzi\u00f3n Margar\u00e9ta ** - ubytovanie Ve\u013ek\u00fd Meder\",\"description\":\"\",\"publisher\":{\"@id\":\"https:\/\/www.penzionmargareta.sk\/#organization\"},\"potentialAction\":[{\"@type\":\"SearchAction\",\"target\":{\"@type\":\"EntryPoint\",\"urlTemplate\":\"https:\/\/www.penzionmargareta.sk\/?s={search_term_string}\"},\"query-input\":{\"@type\":\"PropertyValueSpecification\",\"valueRequired\":true,\"valueName\":\"search_term_string\"}}],\"inLanguage\":\"cs\"},{\"@type\":\"Organization\",\"@id\":\"https:\/\/www.penzionmargareta.sk\/#organization\",\"name\":\"Penzi\u00f3n Margar\u00e9ta ** - ubytovanie Ve\u013ek\u00fd Meder\",\"url\":\"https:\/\/www.penzionmargareta.sk\/\",\"logo\":{\"@type\":\"ImageObject\",\"inLanguage\":\"cs\",\"@id\":\"https:\/\/www.penzionmargareta.sk\/#\/schema\/logo\/image\/\",\"url\":\"https:\/\/www.penzionmargareta.sk\/wp-content\/uploads\/2022\/11\/penzionmargareta_logo.svg\",\"contentUrl\":\"https:\/\/www.penzionmargareta.sk\/wp-content\/uploads\/2022\/11\/penzionmargareta_logo.svg\",\"width\":100,\"height\":100,\"caption\":\"Penzi\u00f3n Margar\u00e9ta ** - ubytovanie Ve\u013ek\u00fd Meder\"},\"image\":{\"@id\":\"https:\/\/www.penzionmargareta.sk\/#\/schema\/logo\/image\/\"},\"sameAs\":[\"https:\/\/www.facebook.com\/margareta.panzio.35\"]}]}<\/script>\n<!-- \/ Yoast SEO plugin. -->","yoast_head_json":{"title":"Zaj\u00edmavosti \u017ditn\u00e9ho ostrova - Penzi\u00f3n Margar\u00e9ta ** - ubytovanie Ve\u013ek\u00fd Meder","robots":{"index":"index","follow":"follow","max-snippet":"max-snippet:-1","max-image-preview":"max-image-preview:large","max-video-preview":"max-video-preview:-1"},"canonical":"https:\/\/www.penzionmargareta.sk\/cs\/zajimavosti-zitneho-ostrova\/","og_locale":"cs_CZ","og_type":"article","og_title":"Zaj\u00edmavosti \u017ditn\u00e9ho ostrova - Penzi\u00f3n Margar\u00e9ta ** - ubytovanie Ve\u013ek\u00fd Meder","og_description":"[vc_row][vc_column][vc_gallery type=&#8221;image_grid&#8221; images=&#8221;2704,2705,2706&#8243; img_size=&#8221;720&#215;500&#8243;][vc_column_text] \u017ditn\u00fd ostrov &#8211; Podunaj\u00ed Podunajsko le\u017e\u00ed v jihov\u00fdchodn\u00ed \u010d\u00e1sti Slovenska. Zahrnuje okresy Kom\u00e1rno, Dunajsk\u00e1 Streda, Nov\u00e9 Z\u00e1mky, \u010d\u00e1ste\u010dn\u011b Galanta a Senec. Ji\u017en\u00ed hranici tvo\u0159\u00ed pod\u00e9l Dunaje ji\u017en\u00ed hranice s Ma\u010farskem, severn\u00ed hranici lev\u00e9 rameno Dunaje &#8211; Mal\u00fd Dunaj, severn\u00ed hranici okres Kom\u00e1rno a Pa\u0159\u00ed\u017esk\u00fd kan\u00e1l. Nejv\u011bt\u0161\u00ed \u010d\u00e1st\u00ed Podunaj\u00ed je \u017ditn\u00fd ostrov [&hellip;]","og_url":"https:\/\/www.penzionmargareta.sk\/cs\/zajimavosti-zitneho-ostrova\/","og_site_name":"Penzi\u00f3n Margar\u00e9ta ** - ubytovanie Ve\u013ek\u00fd Meder","article_publisher":"https:\/\/www.facebook.com\/margareta.panzio.35","article_modified_time":"2023-03-13T09:42:02+00:00","twitter_card":"summary_large_image","twitter_misc":{"Odhadovan\u00e1 doba \u010dten\u00ed":"1 minuta"},"schema":{"@context":"https:\/\/schema.org","@graph":[{"@type":"WebPage","@id":"https:\/\/www.penzionmargareta.sk\/cs\/zajimavosti-zitneho-ostrova\/","url":"https:\/\/www.penzionmargareta.sk\/cs\/zajimavosti-zitneho-ostrova\/","name":"Zaj\u00edmavosti \u017ditn\u00e9ho ostrova - Penzi\u00f3n Margar\u00e9ta ** - ubytovanie Ve\u013ek\u00fd Meder","isPartOf":{"@id":"https:\/\/www.penzionmargareta.sk\/#website"},"datePublished":"2023-01-18T14:07:28+00:00","dateModified":"2023-03-13T09:42:02+00:00","breadcrumb":{"@id":"https:\/\/www.penzionmargareta.sk\/cs\/zajimavosti-zitneho-ostrova\/#breadcrumb"},"inLanguage":"cs","potentialAction":[{"@type":"ReadAction","target":["https:\/\/www.penzionmargareta.sk\/cs\/zajimavosti-zitneho-ostrova\/"]}]},{"@type":"BreadcrumbList","@id":"https:\/\/www.penzionmargareta.sk\/cs\/zajimavosti-zitneho-ostrova\/#breadcrumb","itemListElement":[{"@type":"ListItem","position":1,"name":"Domovsk\u00e1 str\u00e1nka","item":"https:\/\/www.penzionmargareta.sk\/"},{"@type":"ListItem","position":2,"name":"Zaj\u00edmavosti \u017ditn\u00e9ho ostrova"}]},{"@type":"WebSite","@id":"https:\/\/www.penzionmargareta.sk\/#website","url":"https:\/\/www.penzionmargareta.sk\/","name":"Penzi\u00f3n Margar\u00e9ta ** - ubytovanie Ve\u013ek\u00fd Meder","description":"","publisher":{"@id":"https:\/\/www.penzionmargareta.sk\/#organization"},"potentialAction":[{"@type":"SearchAction","target":{"@type":"EntryPoint","urlTemplate":"https:\/\/www.penzionmargareta.sk\/?s={search_term_string}"},"query-input":{"@type":"PropertyValueSpecification","valueRequired":true,"valueName":"search_term_string"}}],"inLanguage":"cs"},{"@type":"Organization","@id":"https:\/\/www.penzionmargareta.sk\/#organization","name":"Penzi\u00f3n Margar\u00e9ta ** - ubytovanie Ve\u013ek\u00fd Meder","url":"https:\/\/www.penzionmargareta.sk\/","logo":{"@type":"ImageObject","inLanguage":"cs","@id":"https:\/\/www.penzionmargareta.sk\/#\/schema\/logo\/image\/","url":"https:\/\/www.penzionmargareta.sk\/wp-content\/uploads\/2022\/11\/penzionmargareta_logo.svg","contentUrl":"https:\/\/www.penzionmargareta.sk\/wp-content\/uploads\/2022\/11\/penzionmargareta_logo.svg","width":100,"height":100,"caption":"Penzi\u00f3n Margar\u00e9ta ** - ubytovanie Ve\u013ek\u00fd Meder"},"image":{"@id":"https:\/\/www.penzionmargareta.sk\/#\/schema\/logo\/image\/"},"sameAs":["https:\/\/www.facebook.com\/margareta.panzio.35"]}]}},"_links":{"self":[{"href":"https:\/\/www.penzionmargareta.sk\/cs\/wp-json\/wp\/v2\/pages\/3169","targetHints":{"allow":["GET"]}}],"collection":[{"href":"https:\/\/www.penzionmargareta.sk\/cs\/wp-json\/wp\/v2\/pages"}],"about":[{"href":"https:\/\/www.penzionmargareta.sk\/cs\/wp-json\/wp\/v2\/types\/page"}],"author":[{"embeddable":true,"href":"https:\/\/www.penzionmargareta.sk\/cs\/wp-json\/wp\/v2\/users\/1"}],"replies":[{"embeddable":true,"href":"https:\/\/www.penzionmargareta.sk\/cs\/wp-json\/wp\/v2\/comments?post=3169"}],"version-history":[{"count":5,"href":"https:\/\/www.penzionmargareta.sk\/cs\/wp-json\/wp\/v2\/pages\/3169\/revisions"}],"predecessor-version":[{"id":3174,"href":"https:\/\/www.penzionmargareta.sk\/cs\/wp-json\/wp\/v2\/pages\/3169\/revisions\/3174"}],"up":[{"embeddable":true,"href":"https:\/\/www.penzionmargareta.sk\/cs\/wp-json\/wp\/v2\/pages\/3219"}],"wp:attachment":[{"href":"https:\/\/www.penzionmargareta.sk\/cs\/wp-json\/wp\/v2\/media?parent=3169"}],"curies":[{"name":"wp","href":"https:\/\/api.w.org\/{rel}","templated":true}]}}