{"id":3166,"date":"2023-01-18T15:11:12","date_gmt":"2023-01-18T14:11:12","guid":{"rendered":"https:\/\/www.penzionmargareta.sk\/mrtve-rameno-chichov\/"},"modified":"2023-03-13T10:41:32","modified_gmt":"2023-03-13T09:41:32","slug":"mrtve-rameno-chichov","status":"publish","type":"page","link":"https:\/\/www.penzionmargareta.sk\/cs\/tip-na-vylet\/mrtve-rameno-chichov\/","title":{"rendered":"Mrtv\u00e9 rameno Chichov"},"content":{"rendered":"<div class=\"wpb-content-wrapper\"><p>[vc_row][vc_column][vc_gallery type=&#8221;image_grid&#8221; images=&#8221;2684,2685,2686&#8243; img_size=&#8221;720&#215;500&#8243;][vc_column_text]<strong>Jednou z nejkr\u00e1sn\u011bj\u0161\u00edch chr\u00e1n\u011bn\u00fdch p\u0159\u00edrodn\u00edch oblast\u00ed \u017ditn\u00e9ho ostrova je mrtv\u00e9 rameno Dunaje u \u010c\u00ed\u010dova. Toto jezero asymetrick\u00e9ho tvaru vzniklo v roce 1899, kdy se protrhla hr\u00e1z Dunaje. Jej\u00ed rozloha spolu s ochrann\u00fdm p\u00e1smem \u010din\u00ed 135 ha, z \u010deho\u017e voda zab\u00edr\u00e1 76,5 ha. Pr\u016fm\u011brn\u00e1 hloubka vody je 7,5 m.<\/strong><\/p>\n<p>Tato oblast, kter\u00e1 je od roku 1964 chr\u00e1n\u011bnou p\u0159\u00edrodn\u00ed rezervac\u00ed, byla pojmenov\u00e1na Lion podle francouzsk\u00e9ho voj\u00e1ka, kter\u00fd se na jej\u00edm pob\u0159e\u017e\u00ed usadil na konci prvn\u00ed sv\u011btov\u00e9 v\u00e1lky. v\u00e1lky. Z p\u0159\u00edrodov\u011bdn\u00e9ho hlediska je v\u00fdznamn\u00e1 fl\u00f3ra a fauna t\u00e9to oblasti, kter\u00e1 je domovem \u0159ady dnes ji\u017e vz\u00e1cn\u00fdch chr\u00e1n\u011bn\u00fdch druh\u016f. Jezero je obklopeno hust\u00fdm inunda\u010dn\u00edm lesem. R\u00e1kos\u00ed na b\u0159ehu jezera je ide\u00e1ln\u00edm prost\u0159ed\u00edm pro pt\u00e1ky.<\/p>\n<p>\u017dije zde 107 druh\u016f pt\u00e1k\u016f, p\u0159ev\u00e1\u017en\u011b vodn\u00edch: volavky, lysky, lu\u010dn\u00ed konipasi a dal\u0161\u00ed. Z druh\u016f ryb je t\u0159eba zm\u00ednit dunajsk\u00e9ho divok\u00e9ho kapra, kapra obecn\u00e9ho a sumce. N\u00e1v\u0161t\u011bva rezervace je mo\u017en\u00e1 pouze p\u011b\u0161ky a pouze po vyzna\u010den\u00fdch stezk\u00e1ch. Rezervac\u00ed proch\u00e1z\u00ed 6 km dlouh\u00e1 nau\u010dn\u00e1 stezka s 12 informa\u010dn\u00edmi zast\u00e1vkami. Na ji\u017en\u00ed stran\u011b rezervace, pod\u00e9l Dunaje, vede cyklostezka. V obdob\u00ed sn\u016f\u0161ky pta\u010d\u00edch vajec (od 1. b\u0159ezna do 15. \u010dervence) je n\u00e1v\u0161t\u011bva chr\u00e1n\u011bn\u00e9 p\u0159\u00edrodn\u00ed oblasti zak\u00e1z\u00e1na.[\/vc_column_text][\/vc_column][\/vc_row]<\/p>\n<\/div>","protected":false},"excerpt":{"rendered":"<p>[vc_row][vc_column][vc_gallery type=&#8221;image_grid&#8221; images=&#8221;2684,2685,2686&#8243; img_size=&#8221;720&#215;500&#8243;][vc_column_text]Jednou z nejkr\u00e1sn\u011bj\u0161\u00edch chr\u00e1n\u011bn\u00fdch p\u0159\u00edrodn\u00edch oblast\u00ed \u017ditn\u00e9ho ostrova je mrtv\u00e9 rameno Dunaje u \u010c\u00ed\u010dova. Toto jezero asymetrick\u00e9ho tvaru vzniklo v roce 1899, kdy se protrhla hr\u00e1z Dunaje. Jej\u00ed rozloha spolu s ochrann\u00fdm p\u00e1smem \u010din\u00ed 135 ha, z \u010deho\u017e voda zab\u00edr\u00e1 76,5 ha. Pr\u016fm\u011brn\u00e1 hloubka vody je 7,5 m. Tato oblast, kter\u00e1 je [&hellip;]<\/p>\n","protected":false},"author":1,"featured_media":0,"parent":3219,"menu_order":0,"comment_status":"closed","ping_status":"closed","template":"","meta":{"inline_featured_image":false,"footnotes":""},"class_list":["post-3166","page","type-page","status-publish","hentry"],"yoast_head":"<!-- This site is optimized with the Yoast SEO plugin v24.3 - https:\/\/yoast.com\/wordpress\/plugins\/seo\/ -->\n<title>Mrtv\u00e9 rameno Chichov - Penzi\u00f3n Margar\u00e9ta ** - ubytovanie Ve\u013ek\u00fd Meder<\/title>\n<meta name=\"robots\" content=\"index, follow, max-snippet:-1, max-image-preview:large, max-video-preview:-1\" \/>\n<link rel=\"canonical\" href=\"https:\/\/www.penzionmargareta.sk\/cs\/mrtve-rameno-chichov\/\" \/>\n<meta property=\"og:locale\" content=\"cs_CZ\" \/>\n<meta property=\"og:type\" content=\"article\" \/>\n<meta property=\"og:title\" content=\"Mrtv\u00e9 rameno Chichov - Penzi\u00f3n Margar\u00e9ta ** - ubytovanie Ve\u013ek\u00fd Meder\" \/>\n<meta property=\"og:description\" content=\"[vc_row][vc_column][vc_gallery type=&#8221;image_grid&#8221; images=&#8221;2684,2685,2686&#8243; img_size=&#8221;720&#215;500&#8243;][vc_column_text]Jednou z nejkr\u00e1sn\u011bj\u0161\u00edch chr\u00e1n\u011bn\u00fdch p\u0159\u00edrodn\u00edch oblast\u00ed \u017ditn\u00e9ho ostrova je mrtv\u00e9 rameno Dunaje u \u010c\u00ed\u010dova. Toto jezero asymetrick\u00e9ho tvaru vzniklo v roce 1899, kdy se protrhla hr\u00e1z Dunaje. Jej\u00ed rozloha spolu s ochrann\u00fdm p\u00e1smem \u010din\u00ed 135 ha, z \u010deho\u017e voda zab\u00edr\u00e1 76,5 ha. Pr\u016fm\u011brn\u00e1 hloubka vody je 7,5 m. Tato oblast, kter\u00e1 je [&hellip;]\" \/>\n<meta property=\"og:url\" content=\"https:\/\/www.penzionmargareta.sk\/cs\/mrtve-rameno-chichov\/\" \/>\n<meta property=\"og:site_name\" content=\"Penzi\u00f3n Margar\u00e9ta ** - ubytovanie Ve\u013ek\u00fd Meder\" \/>\n<meta property=\"article:publisher\" content=\"https:\/\/www.facebook.com\/margareta.panzio.35\" \/>\n<meta property=\"article:modified_time\" content=\"2023-03-13T09:41:32+00:00\" \/>\n<meta name=\"twitter:card\" content=\"summary_large_image\" \/>\n<meta name=\"twitter:label1\" content=\"Odhadovan\u00e1 doba \u010dten\u00ed\" \/>\n\t<meta name=\"twitter:data1\" content=\"1 minuta\" \/>\n<script type=\"application\/ld+json\" class=\"yoast-schema-graph\">{\"@context\":\"https:\/\/schema.org\",\"@graph\":[{\"@type\":\"WebPage\",\"@id\":\"https:\/\/www.penzionmargareta.sk\/cs\/mrtve-rameno-chichov\/\",\"url\":\"https:\/\/www.penzionmargareta.sk\/cs\/mrtve-rameno-chichov\/\",\"name\":\"Mrtv\u00e9 rameno Chichov - Penzi\u00f3n Margar\u00e9ta ** - ubytovanie Ve\u013ek\u00fd Meder\",\"isPartOf\":{\"@id\":\"https:\/\/www.penzionmargareta.sk\/#website\"},\"datePublished\":\"2023-01-18T14:11:12+00:00\",\"dateModified\":\"2023-03-13T09:41:32+00:00\",\"breadcrumb\":{\"@id\":\"https:\/\/www.penzionmargareta.sk\/cs\/mrtve-rameno-chichov\/#breadcrumb\"},\"inLanguage\":\"cs\",\"potentialAction\":[{\"@type\":\"ReadAction\",\"target\":[\"https:\/\/www.penzionmargareta.sk\/cs\/mrtve-rameno-chichov\/\"]}]},{\"@type\":\"BreadcrumbList\",\"@id\":\"https:\/\/www.penzionmargareta.sk\/cs\/mrtve-rameno-chichov\/#breadcrumb\",\"itemListElement\":[{\"@type\":\"ListItem\",\"position\":1,\"name\":\"Domovsk\u00e1 str\u00e1nka\",\"item\":\"https:\/\/www.penzionmargareta.sk\/\"},{\"@type\":\"ListItem\",\"position\":2,\"name\":\"Mrtv\u00e9 rameno Chichov\"}]},{\"@type\":\"WebSite\",\"@id\":\"https:\/\/www.penzionmargareta.sk\/#website\",\"url\":\"https:\/\/www.penzionmargareta.sk\/\",\"name\":\"Penzi\u00f3n Margar\u00e9ta ** - ubytovanie Ve\u013ek\u00fd Meder\",\"description\":\"\",\"publisher\":{\"@id\":\"https:\/\/www.penzionmargareta.sk\/#organization\"},\"potentialAction\":[{\"@type\":\"SearchAction\",\"target\":{\"@type\":\"EntryPoint\",\"urlTemplate\":\"https:\/\/www.penzionmargareta.sk\/?s={search_term_string}\"},\"query-input\":{\"@type\":\"PropertyValueSpecification\",\"valueRequired\":true,\"valueName\":\"search_term_string\"}}],\"inLanguage\":\"cs\"},{\"@type\":\"Organization\",\"@id\":\"https:\/\/www.penzionmargareta.sk\/#organization\",\"name\":\"Penzi\u00f3n Margar\u00e9ta ** - ubytovanie Ve\u013ek\u00fd Meder\",\"url\":\"https:\/\/www.penzionmargareta.sk\/\",\"logo\":{\"@type\":\"ImageObject\",\"inLanguage\":\"cs\",\"@id\":\"https:\/\/www.penzionmargareta.sk\/#\/schema\/logo\/image\/\",\"url\":\"https:\/\/www.penzionmargareta.sk\/wp-content\/uploads\/2022\/11\/penzionmargareta_logo.svg\",\"contentUrl\":\"https:\/\/www.penzionmargareta.sk\/wp-content\/uploads\/2022\/11\/penzionmargareta_logo.svg\",\"width\":100,\"height\":100,\"caption\":\"Penzi\u00f3n Margar\u00e9ta ** - ubytovanie Ve\u013ek\u00fd Meder\"},\"image\":{\"@id\":\"https:\/\/www.penzionmargareta.sk\/#\/schema\/logo\/image\/\"},\"sameAs\":[\"https:\/\/www.facebook.com\/margareta.panzio.35\"]}]}<\/script>\n<!-- \/ Yoast SEO plugin. -->","yoast_head_json":{"title":"Mrtv\u00e9 rameno Chichov - Penzi\u00f3n Margar\u00e9ta ** - ubytovanie Ve\u013ek\u00fd Meder","robots":{"index":"index","follow":"follow","max-snippet":"max-snippet:-1","max-image-preview":"max-image-preview:large","max-video-preview":"max-video-preview:-1"},"canonical":"https:\/\/www.penzionmargareta.sk\/cs\/mrtve-rameno-chichov\/","og_locale":"cs_CZ","og_type":"article","og_title":"Mrtv\u00e9 rameno Chichov - Penzi\u00f3n Margar\u00e9ta ** - ubytovanie Ve\u013ek\u00fd Meder","og_description":"[vc_row][vc_column][vc_gallery type=&#8221;image_grid&#8221; images=&#8221;2684,2685,2686&#8243; img_size=&#8221;720&#215;500&#8243;][vc_column_text]Jednou z nejkr\u00e1sn\u011bj\u0161\u00edch chr\u00e1n\u011bn\u00fdch p\u0159\u00edrodn\u00edch oblast\u00ed \u017ditn\u00e9ho ostrova je mrtv\u00e9 rameno Dunaje u \u010c\u00ed\u010dova. Toto jezero asymetrick\u00e9ho tvaru vzniklo v roce 1899, kdy se protrhla hr\u00e1z Dunaje. Jej\u00ed rozloha spolu s ochrann\u00fdm p\u00e1smem \u010din\u00ed 135 ha, z \u010deho\u017e voda zab\u00edr\u00e1 76,5 ha. Pr\u016fm\u011brn\u00e1 hloubka vody je 7,5 m. Tato oblast, kter\u00e1 je [&hellip;]","og_url":"https:\/\/www.penzionmargareta.sk\/cs\/mrtve-rameno-chichov\/","og_site_name":"Penzi\u00f3n Margar\u00e9ta ** - ubytovanie Ve\u013ek\u00fd Meder","article_publisher":"https:\/\/www.facebook.com\/margareta.panzio.35","article_modified_time":"2023-03-13T09:41:32+00:00","twitter_card":"summary_large_image","twitter_misc":{"Odhadovan\u00e1 doba \u010dten\u00ed":"1 minuta"},"schema":{"@context":"https:\/\/schema.org","@graph":[{"@type":"WebPage","@id":"https:\/\/www.penzionmargareta.sk\/cs\/mrtve-rameno-chichov\/","url":"https:\/\/www.penzionmargareta.sk\/cs\/mrtve-rameno-chichov\/","name":"Mrtv\u00e9 rameno Chichov - Penzi\u00f3n Margar\u00e9ta ** - ubytovanie Ve\u013ek\u00fd Meder","isPartOf":{"@id":"https:\/\/www.penzionmargareta.sk\/#website"},"datePublished":"2023-01-18T14:11:12+00:00","dateModified":"2023-03-13T09:41:32+00:00","breadcrumb":{"@id":"https:\/\/www.penzionmargareta.sk\/cs\/mrtve-rameno-chichov\/#breadcrumb"},"inLanguage":"cs","potentialAction":[{"@type":"ReadAction","target":["https:\/\/www.penzionmargareta.sk\/cs\/mrtve-rameno-chichov\/"]}]},{"@type":"BreadcrumbList","@id":"https:\/\/www.penzionmargareta.sk\/cs\/mrtve-rameno-chichov\/#breadcrumb","itemListElement":[{"@type":"ListItem","position":1,"name":"Domovsk\u00e1 str\u00e1nka","item":"https:\/\/www.penzionmargareta.sk\/"},{"@type":"ListItem","position":2,"name":"Mrtv\u00e9 rameno Chichov"}]},{"@type":"WebSite","@id":"https:\/\/www.penzionmargareta.sk\/#website","url":"https:\/\/www.penzionmargareta.sk\/","name":"Penzi\u00f3n Margar\u00e9ta ** - ubytovanie Ve\u013ek\u00fd Meder","description":"","publisher":{"@id":"https:\/\/www.penzionmargareta.sk\/#organization"},"potentialAction":[{"@type":"SearchAction","target":{"@type":"EntryPoint","urlTemplate":"https:\/\/www.penzionmargareta.sk\/?s={search_term_string}"},"query-input":{"@type":"PropertyValueSpecification","valueRequired":true,"valueName":"search_term_string"}}],"inLanguage":"cs"},{"@type":"Organization","@id":"https:\/\/www.penzionmargareta.sk\/#organization","name":"Penzi\u00f3n Margar\u00e9ta ** - ubytovanie Ve\u013ek\u00fd Meder","url":"https:\/\/www.penzionmargareta.sk\/","logo":{"@type":"ImageObject","inLanguage":"cs","@id":"https:\/\/www.penzionmargareta.sk\/#\/schema\/logo\/image\/","url":"https:\/\/www.penzionmargareta.sk\/wp-content\/uploads\/2022\/11\/penzionmargareta_logo.svg","contentUrl":"https:\/\/www.penzionmargareta.sk\/wp-content\/uploads\/2022\/11\/penzionmargareta_logo.svg","width":100,"height":100,"caption":"Penzi\u00f3n Margar\u00e9ta ** - ubytovanie Ve\u013ek\u00fd Meder"},"image":{"@id":"https:\/\/www.penzionmargareta.sk\/#\/schema\/logo\/image\/"},"sameAs":["https:\/\/www.facebook.com\/margareta.panzio.35"]}]}},"_links":{"self":[{"href":"https:\/\/www.penzionmargareta.sk\/cs\/wp-json\/wp\/v2\/pages\/3166","targetHints":{"allow":["GET"]}}],"collection":[{"href":"https:\/\/www.penzionmargareta.sk\/cs\/wp-json\/wp\/v2\/pages"}],"about":[{"href":"https:\/\/www.penzionmargareta.sk\/cs\/wp-json\/wp\/v2\/types\/page"}],"author":[{"embeddable":true,"href":"https:\/\/www.penzionmargareta.sk\/cs\/wp-json\/wp\/v2\/users\/1"}],"replies":[{"embeddable":true,"href":"https:\/\/www.penzionmargareta.sk\/cs\/wp-json\/wp\/v2\/comments?post=3166"}],"version-history":[{"count":2,"href":"https:\/\/www.penzionmargareta.sk\/cs\/wp-json\/wp\/v2\/pages\/3166\/revisions"}],"predecessor-version":[{"id":3168,"href":"https:\/\/www.penzionmargareta.sk\/cs\/wp-json\/wp\/v2\/pages\/3166\/revisions\/3168"}],"up":[{"embeddable":true,"href":"https:\/\/www.penzionmargareta.sk\/cs\/wp-json\/wp\/v2\/pages\/3219"}],"wp:attachment":[{"href":"https:\/\/www.penzionmargareta.sk\/cs\/wp-json\/wp\/v2\/media?parent=3166"}],"curies":[{"name":"wp","href":"https:\/\/api.w.org\/{rel}","templated":true}]}}