{"id":3154,"date":"2023-01-18T15:38:10","date_gmt":"2023-01-18T14:38:10","guid":{"rendered":"https:\/\/www.penzionmargareta.sk\/podunaji-zajimavosti\/"},"modified":"2023-03-13T10:39:38","modified_gmt":"2023-03-13T09:39:38","slug":"podunaji-zajimavosti","status":"publish","type":"page","link":"https:\/\/www.penzionmargareta.sk\/cs\/tip-na-vylet\/podunaji-zajimavosti\/","title":{"rendered":"Podunaj\u00ed &#8211; Zaj\u00edmavosti"},"content":{"rendered":"<div class=\"wpb-content-wrapper\"><p>[vc_row][vc_column][vc_gallery type=&#8221;image_grid&#8221; images=&#8221;2713,2714,2715&#8243; img_size=&#8221;720&#215;500&#8243;][vc_column_text]<\/p>\n<p class=\"article_title align-left\">Podunaj\u00ed m\u00e1 bohatou historii, kter\u00e1 se odr\u00e1\u017e\u00ed v dochovan\u00fdch kulturn\u00edch pam\u00e1tk\u00e1ch. Kostely, z\u00e1mky, muzea a n\u00e1m\u011bst\u00ed poch\u00e1zej\u00ed z r\u016fzn\u00fdch obdob\u00ed na\u0161\u00ed minulosti a nesou pe\u010de\u0165 historie. V regionu se nach\u00e1zej\u00ed i dal\u0161\u00ed zaj\u00edmavosti, kter\u00e9 stoj\u00ed za n\u00e1v\u0161t\u011bvu. Ne ka\u017ed\u00fd m\u00e1 stejn\u00e9 z\u00e1jmy a ne ka\u017ed\u00e9mu lze vyhov\u011bt p\u0159i v\u00fdb\u011bru atrakc\u00ed v regionu.  <a class=\"ArticleLink\" href=\"http:\/\/tipnavylet.webnode.sk\/turisticke-regiony-slovenska\/podunajsko\/kulturne-atrakcia\/\" target=\"_blank\" rel=\"noopener\"><strong>V\u00edce informac\u00ed ZDE:<\/strong><\/a><\/p>\n<p>[\/vc_column_text][\/vc_column][\/vc_row]<\/p>\n<\/div>","protected":false},"excerpt":{"rendered":"<p>[vc_row][vc_column][vc_gallery type=&#8221;image_grid&#8221; images=&#8221;2713,2714,2715&#8243; img_size=&#8221;720&#215;500&#8243;][vc_column_text] Podunaj\u00ed m\u00e1 bohatou historii, kter\u00e1 se odr\u00e1\u017e\u00ed v dochovan\u00fdch kulturn\u00edch pam\u00e1tk\u00e1ch. Kostely, z\u00e1mky, muzea a n\u00e1m\u011bst\u00ed poch\u00e1zej\u00ed z r\u016fzn\u00fdch obdob\u00ed na\u0161\u00ed minulosti a nesou pe\u010de\u0165 historie. V regionu se nach\u00e1zej\u00ed i dal\u0161\u00ed zaj\u00edmavosti, kter\u00e9 stoj\u00ed za n\u00e1v\u0161t\u011bvu. Ne ka\u017ed\u00fd m\u00e1 stejn\u00e9 z\u00e1jmy a ne ka\u017ed\u00e9mu lze vyhov\u011bt p\u0159i v\u00fdb\u011bru atrakc\u00ed v [&hellip;]<\/p>\n","protected":false},"author":1,"featured_media":0,"parent":3219,"menu_order":0,"comment_status":"closed","ping_status":"closed","template":"","meta":{"inline_featured_image":false,"footnotes":""},"class_list":["post-3154","page","type-page","status-publish","hentry"],"yoast_head":"<!-- This site is optimized with the Yoast SEO plugin v24.3 - https:\/\/yoast.com\/wordpress\/plugins\/seo\/ -->\n<title>Podunaj\u00ed - Zaj\u00edmavosti - Penzi\u00f3n Margar\u00e9ta ** - ubytovanie Ve\u013ek\u00fd Meder<\/title>\n<meta name=\"robots\" content=\"index, follow, max-snippet:-1, max-image-preview:large, max-video-preview:-1\" \/>\n<link rel=\"canonical\" href=\"https:\/\/www.penzionmargareta.sk\/cs\/podunaji-zajimavosti\/\" \/>\n<meta property=\"og:locale\" content=\"cs_CZ\" \/>\n<meta property=\"og:type\" content=\"article\" \/>\n<meta property=\"og:title\" content=\"Podunaj\u00ed - Zaj\u00edmavosti - Penzi\u00f3n Margar\u00e9ta ** - ubytovanie Ve\u013ek\u00fd Meder\" \/>\n<meta property=\"og:description\" content=\"[vc_row][vc_column][vc_gallery type=&#8221;image_grid&#8221; images=&#8221;2713,2714,2715&#8243; img_size=&#8221;720&#215;500&#8243;][vc_column_text] Podunaj\u00ed m\u00e1 bohatou historii, kter\u00e1 se odr\u00e1\u017e\u00ed v dochovan\u00fdch kulturn\u00edch pam\u00e1tk\u00e1ch. Kostely, z\u00e1mky, muzea a n\u00e1m\u011bst\u00ed poch\u00e1zej\u00ed z r\u016fzn\u00fdch obdob\u00ed na\u0161\u00ed minulosti a nesou pe\u010de\u0165 historie. V regionu se nach\u00e1zej\u00ed i dal\u0161\u00ed zaj\u00edmavosti, kter\u00e9 stoj\u00ed za n\u00e1v\u0161t\u011bvu. Ne ka\u017ed\u00fd m\u00e1 stejn\u00e9 z\u00e1jmy a ne ka\u017ed\u00e9mu lze vyhov\u011bt p\u0159i v\u00fdb\u011bru atrakc\u00ed v [&hellip;]\" \/>\n<meta property=\"og:url\" content=\"https:\/\/www.penzionmargareta.sk\/cs\/podunaji-zajimavosti\/\" \/>\n<meta property=\"og:site_name\" content=\"Penzi\u00f3n Margar\u00e9ta ** - ubytovanie Ve\u013ek\u00fd Meder\" \/>\n<meta property=\"article:publisher\" content=\"https:\/\/www.facebook.com\/margareta.panzio.35\" \/>\n<meta property=\"article:modified_time\" content=\"2023-03-13T09:39:38+00:00\" \/>\n<meta name=\"twitter:card\" content=\"summary_large_image\" \/>\n<meta name=\"twitter:label1\" content=\"Odhadovan\u00e1 doba \u010dten\u00ed\" \/>\n\t<meta name=\"twitter:data1\" content=\"1 minuta\" \/>\n<script type=\"application\/ld+json\" class=\"yoast-schema-graph\">{\"@context\":\"https:\/\/schema.org\",\"@graph\":[{\"@type\":\"WebPage\",\"@id\":\"https:\/\/www.penzionmargareta.sk\/cs\/podunaji-zajimavosti\/\",\"url\":\"https:\/\/www.penzionmargareta.sk\/cs\/podunaji-zajimavosti\/\",\"name\":\"Podunaj\u00ed - Zaj\u00edmavosti - Penzi\u00f3n Margar\u00e9ta ** - ubytovanie Ve\u013ek\u00fd Meder\",\"isPartOf\":{\"@id\":\"https:\/\/www.penzionmargareta.sk\/#website\"},\"datePublished\":\"2023-01-18T14:38:10+00:00\",\"dateModified\":\"2023-03-13T09:39:38+00:00\",\"breadcrumb\":{\"@id\":\"https:\/\/www.penzionmargareta.sk\/cs\/podunaji-zajimavosti\/#breadcrumb\"},\"inLanguage\":\"cs\",\"potentialAction\":[{\"@type\":\"ReadAction\",\"target\":[\"https:\/\/www.penzionmargareta.sk\/cs\/podunaji-zajimavosti\/\"]}]},{\"@type\":\"BreadcrumbList\",\"@id\":\"https:\/\/www.penzionmargareta.sk\/cs\/podunaji-zajimavosti\/#breadcrumb\",\"itemListElement\":[{\"@type\":\"ListItem\",\"position\":1,\"name\":\"Domovsk\u00e1 str\u00e1nka\",\"item\":\"https:\/\/www.penzionmargareta.sk\/\"},{\"@type\":\"ListItem\",\"position\":2,\"name\":\"Podunaj\u00ed &#8211; Zaj\u00edmavosti\"}]},{\"@type\":\"WebSite\",\"@id\":\"https:\/\/www.penzionmargareta.sk\/#website\",\"url\":\"https:\/\/www.penzionmargareta.sk\/\",\"name\":\"Penzi\u00f3n Margar\u00e9ta ** - ubytovanie Ve\u013ek\u00fd Meder\",\"description\":\"\",\"publisher\":{\"@id\":\"https:\/\/www.penzionmargareta.sk\/#organization\"},\"potentialAction\":[{\"@type\":\"SearchAction\",\"target\":{\"@type\":\"EntryPoint\",\"urlTemplate\":\"https:\/\/www.penzionmargareta.sk\/?s={search_term_string}\"},\"query-input\":{\"@type\":\"PropertyValueSpecification\",\"valueRequired\":true,\"valueName\":\"search_term_string\"}}],\"inLanguage\":\"cs\"},{\"@type\":\"Organization\",\"@id\":\"https:\/\/www.penzionmargareta.sk\/#organization\",\"name\":\"Penzi\u00f3n Margar\u00e9ta ** - ubytovanie Ve\u013ek\u00fd Meder\",\"url\":\"https:\/\/www.penzionmargareta.sk\/\",\"logo\":{\"@type\":\"ImageObject\",\"inLanguage\":\"cs\",\"@id\":\"https:\/\/www.penzionmargareta.sk\/#\/schema\/logo\/image\/\",\"url\":\"https:\/\/www.penzionmargareta.sk\/wp-content\/uploads\/2022\/11\/penzionmargareta_logo.svg\",\"contentUrl\":\"https:\/\/www.penzionmargareta.sk\/wp-content\/uploads\/2022\/11\/penzionmargareta_logo.svg\",\"width\":100,\"height\":100,\"caption\":\"Penzi\u00f3n Margar\u00e9ta ** - ubytovanie Ve\u013ek\u00fd Meder\"},\"image\":{\"@id\":\"https:\/\/www.penzionmargareta.sk\/#\/schema\/logo\/image\/\"},\"sameAs\":[\"https:\/\/www.facebook.com\/margareta.panzio.35\"]}]}<\/script>\n<!-- \/ Yoast SEO plugin. -->","yoast_head_json":{"title":"Podunaj\u00ed - Zaj\u00edmavosti - Penzi\u00f3n Margar\u00e9ta ** - ubytovanie Ve\u013ek\u00fd Meder","robots":{"index":"index","follow":"follow","max-snippet":"max-snippet:-1","max-image-preview":"max-image-preview:large","max-video-preview":"max-video-preview:-1"},"canonical":"https:\/\/www.penzionmargareta.sk\/cs\/podunaji-zajimavosti\/","og_locale":"cs_CZ","og_type":"article","og_title":"Podunaj\u00ed - Zaj\u00edmavosti - Penzi\u00f3n Margar\u00e9ta ** - ubytovanie Ve\u013ek\u00fd Meder","og_description":"[vc_row][vc_column][vc_gallery type=&#8221;image_grid&#8221; images=&#8221;2713,2714,2715&#8243; img_size=&#8221;720&#215;500&#8243;][vc_column_text] Podunaj\u00ed m\u00e1 bohatou historii, kter\u00e1 se odr\u00e1\u017e\u00ed v dochovan\u00fdch kulturn\u00edch pam\u00e1tk\u00e1ch. Kostely, z\u00e1mky, muzea a n\u00e1m\u011bst\u00ed poch\u00e1zej\u00ed z r\u016fzn\u00fdch obdob\u00ed na\u0161\u00ed minulosti a nesou pe\u010de\u0165 historie. V regionu se nach\u00e1zej\u00ed i dal\u0161\u00ed zaj\u00edmavosti, kter\u00e9 stoj\u00ed za n\u00e1v\u0161t\u011bvu. Ne ka\u017ed\u00fd m\u00e1 stejn\u00e9 z\u00e1jmy a ne ka\u017ed\u00e9mu lze vyhov\u011bt p\u0159i v\u00fdb\u011bru atrakc\u00ed v [&hellip;]","og_url":"https:\/\/www.penzionmargareta.sk\/cs\/podunaji-zajimavosti\/","og_site_name":"Penzi\u00f3n Margar\u00e9ta ** - ubytovanie Ve\u013ek\u00fd Meder","article_publisher":"https:\/\/www.facebook.com\/margareta.panzio.35","article_modified_time":"2023-03-13T09:39:38+00:00","twitter_card":"summary_large_image","twitter_misc":{"Odhadovan\u00e1 doba \u010dten\u00ed":"1 minuta"},"schema":{"@context":"https:\/\/schema.org","@graph":[{"@type":"WebPage","@id":"https:\/\/www.penzionmargareta.sk\/cs\/podunaji-zajimavosti\/","url":"https:\/\/www.penzionmargareta.sk\/cs\/podunaji-zajimavosti\/","name":"Podunaj\u00ed - Zaj\u00edmavosti - Penzi\u00f3n Margar\u00e9ta ** - ubytovanie Ve\u013ek\u00fd Meder","isPartOf":{"@id":"https:\/\/www.penzionmargareta.sk\/#website"},"datePublished":"2023-01-18T14:38:10+00:00","dateModified":"2023-03-13T09:39:38+00:00","breadcrumb":{"@id":"https:\/\/www.penzionmargareta.sk\/cs\/podunaji-zajimavosti\/#breadcrumb"},"inLanguage":"cs","potentialAction":[{"@type":"ReadAction","target":["https:\/\/www.penzionmargareta.sk\/cs\/podunaji-zajimavosti\/"]}]},{"@type":"BreadcrumbList","@id":"https:\/\/www.penzionmargareta.sk\/cs\/podunaji-zajimavosti\/#breadcrumb","itemListElement":[{"@type":"ListItem","position":1,"name":"Domovsk\u00e1 str\u00e1nka","item":"https:\/\/www.penzionmargareta.sk\/"},{"@type":"ListItem","position":2,"name":"Podunaj\u00ed &#8211; Zaj\u00edmavosti"}]},{"@type":"WebSite","@id":"https:\/\/www.penzionmargareta.sk\/#website","url":"https:\/\/www.penzionmargareta.sk\/","name":"Penzi\u00f3n Margar\u00e9ta ** - ubytovanie Ve\u013ek\u00fd Meder","description":"","publisher":{"@id":"https:\/\/www.penzionmargareta.sk\/#organization"},"potentialAction":[{"@type":"SearchAction","target":{"@type":"EntryPoint","urlTemplate":"https:\/\/www.penzionmargareta.sk\/?s={search_term_string}"},"query-input":{"@type":"PropertyValueSpecification","valueRequired":true,"valueName":"search_term_string"}}],"inLanguage":"cs"},{"@type":"Organization","@id":"https:\/\/www.penzionmargareta.sk\/#organization","name":"Penzi\u00f3n Margar\u00e9ta ** - ubytovanie Ve\u013ek\u00fd Meder","url":"https:\/\/www.penzionmargareta.sk\/","logo":{"@type":"ImageObject","inLanguage":"cs","@id":"https:\/\/www.penzionmargareta.sk\/#\/schema\/logo\/image\/","url":"https:\/\/www.penzionmargareta.sk\/wp-content\/uploads\/2022\/11\/penzionmargareta_logo.svg","contentUrl":"https:\/\/www.penzionmargareta.sk\/wp-content\/uploads\/2022\/11\/penzionmargareta_logo.svg","width":100,"height":100,"caption":"Penzi\u00f3n Margar\u00e9ta ** - ubytovanie Ve\u013ek\u00fd Meder"},"image":{"@id":"https:\/\/www.penzionmargareta.sk\/#\/schema\/logo\/image\/"},"sameAs":["https:\/\/www.facebook.com\/margareta.panzio.35"]}]}},"_links":{"self":[{"href":"https:\/\/www.penzionmargareta.sk\/cs\/wp-json\/wp\/v2\/pages\/3154","targetHints":{"allow":["GET"]}}],"collection":[{"href":"https:\/\/www.penzionmargareta.sk\/cs\/wp-json\/wp\/v2\/pages"}],"about":[{"href":"https:\/\/www.penzionmargareta.sk\/cs\/wp-json\/wp\/v2\/types\/page"}],"author":[{"embeddable":true,"href":"https:\/\/www.penzionmargareta.sk\/cs\/wp-json\/wp\/v2\/users\/1"}],"replies":[{"embeddable":true,"href":"https:\/\/www.penzionmargareta.sk\/cs\/wp-json\/wp\/v2\/comments?post=3154"}],"version-history":[{"count":2,"href":"https:\/\/www.penzionmargareta.sk\/cs\/wp-json\/wp\/v2\/pages\/3154\/revisions"}],"predecessor-version":[{"id":3156,"href":"https:\/\/www.penzionmargareta.sk\/cs\/wp-json\/wp\/v2\/pages\/3154\/revisions\/3156"}],"up":[{"embeddable":true,"href":"https:\/\/www.penzionmargareta.sk\/cs\/wp-json\/wp\/v2\/pages\/3219"}],"wp:attachment":[{"href":"https:\/\/www.penzionmargareta.sk\/cs\/wp-json\/wp\/v2\/media?parent=3154"}],"curies":[{"name":"wp","href":"https:\/\/api.w.org\/{rel}","templated":true}]}}