{"id":3142,"date":"2023-01-23T15:40:07","date_gmt":"2023-01-23T14:40:07","guid":{"rendered":"https:\/\/www.penzionmargareta.sk\/vodni-dilo-gabcikovo\/"},"modified":"2023-03-13T10:35:45","modified_gmt":"2023-03-13T09:35:45","slug":"vodni-dilo-gabcikovo","status":"publish","type":"page","link":"https:\/\/www.penzionmargareta.sk\/cs\/tip-na-vylet\/vodni-dilo-gabcikovo\/","title":{"rendered":"Vodn\u00ed d\u00edlo Gab\u010d\u00edkovo"},"content":{"rendered":"<div class=\"wpb-content-wrapper\"><p>[vc_row][vc_column][vc_gallery type=&#8221;image_grid&#8221; images=&#8221;2679,2678,2677&#8243; img_size=&#8221;720&#215;500&#8243;][vc_column_text]<strong>Vodn\u00ed d\u00edlo Gab\u010d\u00edkovo bylo p\u016fvodn\u011b postaveno jako vodn\u00ed d\u00edlo Gab\u010d\u00edkovo &#8211; Nagymaros v roce 1977, po mnoha sporech a rekonstrukc\u00edch se rozrostlo do dne\u0161n\u00ed podoby. Po realizaci n\u00e1hradn\u00edho \u0159e\u0161en\u00ed s men\u0161\u00edm zpo\u017ed\u011bn\u00edm a p\u0159ehrazen\u00ed Dunaje u \u010cu\u0148ova na slovensk\u00e9m \u00fazem\u00ed bylo d\u00edlo uvedeno do provozu v roce 1992. Hlavn\u00edmi c\u00edli v\u00fdstavby vodn\u00ed elektr\u00e1rny bylo zlep\u0161en\u00ed plavebn\u00edch podm\u00ednek, ochrana p\u0159ed povodn\u011bmi a v\u00fdroba elektrick\u00e9 energie, ale d\u016fle\u017eit\u00e9 bylo i rekrea\u010dn\u00ed a turistick\u00e9 vyu\u017eit\u00ed.<\/strong><\/p>\n<p>\u00da\u010delem vodn\u00edho d\u00edla je p\u0159edev\u0161\u00edm ochrana p\u0159ed povodn\u011bmi, kter\u00e9 ji\u017e n\u011bkolikr\u00e1t zp\u016fsobily katastrof\u00e1ln\u00ed z\u00e1plavy v p\u0159ilehl\u00e9 oblasti Dunaje. Krom\u011b toho vodn\u00ed elektr\u00e1rna zaji\u0161\u0165uje plynulou celoro\u010dn\u00ed plavbu, dod\u00e1v\u00e1 elektrickou energii ve v\u00fd\u0161i p\u0159ibli\u017en\u011b 8 % ro\u010dn\u00ed spot\u0159eby Slovensk\u00e9 republiky, stabilizuje koryto Dunaje a vytvo\u0159ila podm\u00ednky pro ochranu vnitrozemsk\u00e9 delty Dunaje a mo\u017enosti rekrea\u010dn\u00edho rozvoje cel\u00e9 p\u0159ilehl\u00e9 oblasti. Krom\u011b p\u011b\u0161\u00ed turistiky, bruslen\u00ed a cyklistiky na p\u0159ilehl\u00fdch hr\u00e1z\u00edch nab\u00edz\u00ed tak\u00e9 \u0161irok\u00e9 mo\u017enosti rybolovu.<br \/>\nP\u0159\u00edrodn\u00ed kr\u00e1sy Dunaje a p\u0159ilehl\u00fdch m\u011bst si m\u016f\u017eete prohl\u00e9dnout tak\u00e9 b\u011bhem vyhl\u00eddkov\u00fdch plaveb osobn\u00ed lod\u00ed, pro kter\u00e9 jsme p\u0159ipravili 2 programy vyhl\u00eddkov\u00fdch plaveb a 4 vyhl\u00eddkov\u00e9 plavby do \u010cu\u0148ova, \u0160t\u00farova, Ost\u0159ihomi a Budape\u0161ti. Plavba trv\u00e1 1 a\u017e 5 hodin v z\u00e1vislosti na d\u00e9lce trasy.<\/p>\n<p>Are\u00e1l vodn\u00edch sport\u016f \u010cunovo &#8211; Are\u00e1l vodn\u00edch sport\u016f \u010cunovo sv\u00fdm vybaven\u00edm spl\u0148uje krit\u00e9ria sportovn\u00edch stadion\u016f nejvy\u0161\u0161\u00ed kvality, tak\u017ee je zde mo\u017en\u00e9 po\u0159\u00e1dat z\u00e1vody na evropsk\u00e9 i sv\u011btov\u00e9 \u00farovni. St\u0159edisko poskytuje mo\u017enosti tr\u00e9ninku nejen pro v\u00fdkonnostn\u00ed vodn\u00ed slalom\u00e1\u0159e a rafta\u0159e, ale i pro amat\u00e9rsk\u00e9 sportovce. Kdo si chce tento adrenalinov\u00fd sport vyzkou\u0161et na vlastn\u00ed k\u016f\u017ei, m\u016f\u017ee se p\u0159edem objednat a absolvovat trasu se zku\u0161en\u00fdm instruktorem.<br \/>\nKrom\u011b vodn\u00edch sport\u016f nab\u00edz\u00ed tato oblast tak\u00e9 mo\u017enost vyzkou\u0161et r\u016fzn\u00e9 adrenalinov\u00e9 aktivity, jako nap\u0159.. hydrospeed, vodn\u00ed sk\u00fatry nebo paintball. 1 km od are\u00e1lu se nach\u00e1z\u00ed tzv. ter\u00e9nn\u00ed dr\u00e1ha, kde si n\u00e1v\u0161t\u011bvn\u00edci mohou vyzkou\u0161et j\u00edzdu na bugin\u00e1ch nebo \u010dty\u0159kolk\u00e1ch. P\u0159\u00edmo z are\u00e1lu je mo\u017en\u00e9 se vydat po star\u00e9m korytu Dunaje &#8211; Bodick\u00e9 rameni. Z\u00e1jemci, kte\u0159\u00ed si cht\u011bj\u00ed tyto adrenalinov\u00e9 sporty vyzkou\u0161et na vlastn\u00ed k\u016f\u017ei, se mohou p\u0159edem objednat a absolvovat je se zku\u0161en\u00fdm instruktorem.[\/vc_column_text][\/vc_column][\/vc_row]<\/p>\n<\/div>","protected":false},"excerpt":{"rendered":"<p>[vc_row][vc_column][vc_gallery type=&#8221;image_grid&#8221; images=&#8221;2679,2678,2677&#8243; img_size=&#8221;720&#215;500&#8243;][vc_column_text]Vodn\u00ed d\u00edlo Gab\u010d\u00edkovo bylo p\u016fvodn\u011b postaveno jako vodn\u00ed d\u00edlo Gab\u010d\u00edkovo &#8211; Nagymaros v roce 1977, po mnoha sporech a rekonstrukc\u00edch se rozrostlo do dne\u0161n\u00ed podoby. Po realizaci n\u00e1hradn\u00edho \u0159e\u0161en\u00ed s men\u0161\u00edm zpo\u017ed\u011bn\u00edm a p\u0159ehrazen\u00ed Dunaje u \u010cu\u0148ova na slovensk\u00e9m \u00fazem\u00ed bylo d\u00edlo uvedeno do provozu v roce 1992. Hlavn\u00edmi c\u00edli v\u00fdstavby vodn\u00ed [&hellip;]<\/p>\n","protected":false},"author":1,"featured_media":0,"parent":3219,"menu_order":0,"comment_status":"closed","ping_status":"closed","template":"","meta":{"inline_featured_image":false,"footnotes":""},"class_list":["post-3142","page","type-page","status-publish","hentry"],"yoast_head":"<!-- This site is optimized with the Yoast SEO plugin v24.3 - https:\/\/yoast.com\/wordpress\/plugins\/seo\/ -->\n<title>Vodn\u00ed d\u00edlo Gab\u010d\u00edkovo - Penzi\u00f3n Margar\u00e9ta ** - ubytovanie Ve\u013ek\u00fd Meder<\/title>\n<meta name=\"robots\" content=\"index, follow, max-snippet:-1, max-image-preview:large, max-video-preview:-1\" \/>\n<link rel=\"canonical\" href=\"https:\/\/www.penzionmargareta.sk\/cs\/vodni-dilo-gabcikovo\/\" \/>\n<meta property=\"og:locale\" content=\"cs_CZ\" \/>\n<meta property=\"og:type\" content=\"article\" \/>\n<meta property=\"og:title\" content=\"Vodn\u00ed d\u00edlo Gab\u010d\u00edkovo - Penzi\u00f3n Margar\u00e9ta ** - ubytovanie Ve\u013ek\u00fd Meder\" \/>\n<meta property=\"og:description\" content=\"[vc_row][vc_column][vc_gallery type=&#8221;image_grid&#8221; images=&#8221;2679,2678,2677&#8243; img_size=&#8221;720&#215;500&#8243;][vc_column_text]Vodn\u00ed d\u00edlo Gab\u010d\u00edkovo bylo p\u016fvodn\u011b postaveno jako vodn\u00ed d\u00edlo Gab\u010d\u00edkovo &#8211; Nagymaros v roce 1977, po mnoha sporech a rekonstrukc\u00edch se rozrostlo do dne\u0161n\u00ed podoby. Po realizaci n\u00e1hradn\u00edho \u0159e\u0161en\u00ed s men\u0161\u00edm zpo\u017ed\u011bn\u00edm a p\u0159ehrazen\u00ed Dunaje u \u010cu\u0148ova na slovensk\u00e9m \u00fazem\u00ed bylo d\u00edlo uvedeno do provozu v roce 1992. Hlavn\u00edmi c\u00edli v\u00fdstavby vodn\u00ed [&hellip;]\" \/>\n<meta property=\"og:url\" content=\"https:\/\/www.penzionmargareta.sk\/cs\/vodni-dilo-gabcikovo\/\" \/>\n<meta property=\"og:site_name\" content=\"Penzi\u00f3n Margar\u00e9ta ** - ubytovanie Ve\u013ek\u00fd Meder\" \/>\n<meta property=\"article:publisher\" content=\"https:\/\/www.facebook.com\/margareta.panzio.35\" \/>\n<meta property=\"article:modified_time\" content=\"2023-03-13T09:35:45+00:00\" \/>\n<meta name=\"twitter:card\" content=\"summary_large_image\" \/>\n<meta name=\"twitter:label1\" content=\"Odhadovan\u00e1 doba \u010dten\u00ed\" \/>\n\t<meta name=\"twitter:data1\" content=\"2 minuty\" \/>\n<script type=\"application\/ld+json\" class=\"yoast-schema-graph\">{\"@context\":\"https:\/\/schema.org\",\"@graph\":[{\"@type\":\"WebPage\",\"@id\":\"https:\/\/www.penzionmargareta.sk\/cs\/vodni-dilo-gabcikovo\/\",\"url\":\"https:\/\/www.penzionmargareta.sk\/cs\/vodni-dilo-gabcikovo\/\",\"name\":\"Vodn\u00ed d\u00edlo Gab\u010d\u00edkovo - Penzi\u00f3n Margar\u00e9ta ** - ubytovanie Ve\u013ek\u00fd Meder\",\"isPartOf\":{\"@id\":\"https:\/\/www.penzionmargareta.sk\/#website\"},\"datePublished\":\"2023-01-23T14:40:07+00:00\",\"dateModified\":\"2023-03-13T09:35:45+00:00\",\"breadcrumb\":{\"@id\":\"https:\/\/www.penzionmargareta.sk\/cs\/vodni-dilo-gabcikovo\/#breadcrumb\"},\"inLanguage\":\"cs\",\"potentialAction\":[{\"@type\":\"ReadAction\",\"target\":[\"https:\/\/www.penzionmargareta.sk\/cs\/vodni-dilo-gabcikovo\/\"]}]},{\"@type\":\"BreadcrumbList\",\"@id\":\"https:\/\/www.penzionmargareta.sk\/cs\/vodni-dilo-gabcikovo\/#breadcrumb\",\"itemListElement\":[{\"@type\":\"ListItem\",\"position\":1,\"name\":\"Domovsk\u00e1 str\u00e1nka\",\"item\":\"https:\/\/www.penzionmargareta.sk\/\"},{\"@type\":\"ListItem\",\"position\":2,\"name\":\"Vodn\u00ed d\u00edlo Gab\u010d\u00edkovo\"}]},{\"@type\":\"WebSite\",\"@id\":\"https:\/\/www.penzionmargareta.sk\/#website\",\"url\":\"https:\/\/www.penzionmargareta.sk\/\",\"name\":\"Penzi\u00f3n Margar\u00e9ta ** - ubytovanie Ve\u013ek\u00fd Meder\",\"description\":\"\",\"publisher\":{\"@id\":\"https:\/\/www.penzionmargareta.sk\/#organization\"},\"potentialAction\":[{\"@type\":\"SearchAction\",\"target\":{\"@type\":\"EntryPoint\",\"urlTemplate\":\"https:\/\/www.penzionmargareta.sk\/?s={search_term_string}\"},\"query-input\":{\"@type\":\"PropertyValueSpecification\",\"valueRequired\":true,\"valueName\":\"search_term_string\"}}],\"inLanguage\":\"cs\"},{\"@type\":\"Organization\",\"@id\":\"https:\/\/www.penzionmargareta.sk\/#organization\",\"name\":\"Penzi\u00f3n Margar\u00e9ta ** - ubytovanie Ve\u013ek\u00fd Meder\",\"url\":\"https:\/\/www.penzionmargareta.sk\/\",\"logo\":{\"@type\":\"ImageObject\",\"inLanguage\":\"cs\",\"@id\":\"https:\/\/www.penzionmargareta.sk\/#\/schema\/logo\/image\/\",\"url\":\"https:\/\/www.penzionmargareta.sk\/wp-content\/uploads\/2022\/11\/penzionmargareta_logo.svg\",\"contentUrl\":\"https:\/\/www.penzionmargareta.sk\/wp-content\/uploads\/2022\/11\/penzionmargareta_logo.svg\",\"width\":100,\"height\":100,\"caption\":\"Penzi\u00f3n Margar\u00e9ta ** - ubytovanie Ve\u013ek\u00fd Meder\"},\"image\":{\"@id\":\"https:\/\/www.penzionmargareta.sk\/#\/schema\/logo\/image\/\"},\"sameAs\":[\"https:\/\/www.facebook.com\/margareta.panzio.35\"]}]}<\/script>\n<!-- \/ Yoast SEO plugin. -->","yoast_head_json":{"title":"Vodn\u00ed d\u00edlo Gab\u010d\u00edkovo - Penzi\u00f3n Margar\u00e9ta ** - ubytovanie Ve\u013ek\u00fd Meder","robots":{"index":"index","follow":"follow","max-snippet":"max-snippet:-1","max-image-preview":"max-image-preview:large","max-video-preview":"max-video-preview:-1"},"canonical":"https:\/\/www.penzionmargareta.sk\/cs\/vodni-dilo-gabcikovo\/","og_locale":"cs_CZ","og_type":"article","og_title":"Vodn\u00ed d\u00edlo Gab\u010d\u00edkovo - Penzi\u00f3n Margar\u00e9ta ** - ubytovanie Ve\u013ek\u00fd Meder","og_description":"[vc_row][vc_column][vc_gallery type=&#8221;image_grid&#8221; images=&#8221;2679,2678,2677&#8243; img_size=&#8221;720&#215;500&#8243;][vc_column_text]Vodn\u00ed d\u00edlo Gab\u010d\u00edkovo bylo p\u016fvodn\u011b postaveno jako vodn\u00ed d\u00edlo Gab\u010d\u00edkovo &#8211; Nagymaros v roce 1977, po mnoha sporech a rekonstrukc\u00edch se rozrostlo do dne\u0161n\u00ed podoby. Po realizaci n\u00e1hradn\u00edho \u0159e\u0161en\u00ed s men\u0161\u00edm zpo\u017ed\u011bn\u00edm a p\u0159ehrazen\u00ed Dunaje u \u010cu\u0148ova na slovensk\u00e9m \u00fazem\u00ed bylo d\u00edlo uvedeno do provozu v roce 1992. Hlavn\u00edmi c\u00edli v\u00fdstavby vodn\u00ed [&hellip;]","og_url":"https:\/\/www.penzionmargareta.sk\/cs\/vodni-dilo-gabcikovo\/","og_site_name":"Penzi\u00f3n Margar\u00e9ta ** - ubytovanie Ve\u013ek\u00fd Meder","article_publisher":"https:\/\/www.facebook.com\/margareta.panzio.35","article_modified_time":"2023-03-13T09:35:45+00:00","twitter_card":"summary_large_image","twitter_misc":{"Odhadovan\u00e1 doba \u010dten\u00ed":"2 minuty"},"schema":{"@context":"https:\/\/schema.org","@graph":[{"@type":"WebPage","@id":"https:\/\/www.penzionmargareta.sk\/cs\/vodni-dilo-gabcikovo\/","url":"https:\/\/www.penzionmargareta.sk\/cs\/vodni-dilo-gabcikovo\/","name":"Vodn\u00ed d\u00edlo Gab\u010d\u00edkovo - Penzi\u00f3n Margar\u00e9ta ** - ubytovanie Ve\u013ek\u00fd Meder","isPartOf":{"@id":"https:\/\/www.penzionmargareta.sk\/#website"},"datePublished":"2023-01-23T14:40:07+00:00","dateModified":"2023-03-13T09:35:45+00:00","breadcrumb":{"@id":"https:\/\/www.penzionmargareta.sk\/cs\/vodni-dilo-gabcikovo\/#breadcrumb"},"inLanguage":"cs","potentialAction":[{"@type":"ReadAction","target":["https:\/\/www.penzionmargareta.sk\/cs\/vodni-dilo-gabcikovo\/"]}]},{"@type":"BreadcrumbList","@id":"https:\/\/www.penzionmargareta.sk\/cs\/vodni-dilo-gabcikovo\/#breadcrumb","itemListElement":[{"@type":"ListItem","position":1,"name":"Domovsk\u00e1 str\u00e1nka","item":"https:\/\/www.penzionmargareta.sk\/"},{"@type":"ListItem","position":2,"name":"Vodn\u00ed d\u00edlo Gab\u010d\u00edkovo"}]},{"@type":"WebSite","@id":"https:\/\/www.penzionmargareta.sk\/#website","url":"https:\/\/www.penzionmargareta.sk\/","name":"Penzi\u00f3n Margar\u00e9ta ** - ubytovanie Ve\u013ek\u00fd Meder","description":"","publisher":{"@id":"https:\/\/www.penzionmargareta.sk\/#organization"},"potentialAction":[{"@type":"SearchAction","target":{"@type":"EntryPoint","urlTemplate":"https:\/\/www.penzionmargareta.sk\/?s={search_term_string}"},"query-input":{"@type":"PropertyValueSpecification","valueRequired":true,"valueName":"search_term_string"}}],"inLanguage":"cs"},{"@type":"Organization","@id":"https:\/\/www.penzionmargareta.sk\/#organization","name":"Penzi\u00f3n Margar\u00e9ta ** - ubytovanie Ve\u013ek\u00fd Meder","url":"https:\/\/www.penzionmargareta.sk\/","logo":{"@type":"ImageObject","inLanguage":"cs","@id":"https:\/\/www.penzionmargareta.sk\/#\/schema\/logo\/image\/","url":"https:\/\/www.penzionmargareta.sk\/wp-content\/uploads\/2022\/11\/penzionmargareta_logo.svg","contentUrl":"https:\/\/www.penzionmargareta.sk\/wp-content\/uploads\/2022\/11\/penzionmargareta_logo.svg","width":100,"height":100,"caption":"Penzi\u00f3n Margar\u00e9ta ** - ubytovanie Ve\u013ek\u00fd Meder"},"image":{"@id":"https:\/\/www.penzionmargareta.sk\/#\/schema\/logo\/image\/"},"sameAs":["https:\/\/www.facebook.com\/margareta.panzio.35"]}]}},"_links":{"self":[{"href":"https:\/\/www.penzionmargareta.sk\/cs\/wp-json\/wp\/v2\/pages\/3142","targetHints":{"allow":["GET"]}}],"collection":[{"href":"https:\/\/www.penzionmargareta.sk\/cs\/wp-json\/wp\/v2\/pages"}],"about":[{"href":"https:\/\/www.penzionmargareta.sk\/cs\/wp-json\/wp\/v2\/types\/page"}],"author":[{"embeddable":true,"href":"https:\/\/www.penzionmargareta.sk\/cs\/wp-json\/wp\/v2\/users\/1"}],"replies":[{"embeddable":true,"href":"https:\/\/www.penzionmargareta.sk\/cs\/wp-json\/wp\/v2\/comments?post=3142"}],"version-history":[{"count":2,"href":"https:\/\/www.penzionmargareta.sk\/cs\/wp-json\/wp\/v2\/pages\/3142\/revisions"}],"predecessor-version":[{"id":3144,"href":"https:\/\/www.penzionmargareta.sk\/cs\/wp-json\/wp\/v2\/pages\/3142\/revisions\/3144"}],"up":[{"embeddable":true,"href":"https:\/\/www.penzionmargareta.sk\/cs\/wp-json\/wp\/v2\/pages\/3219"}],"wp:attachment":[{"href":"https:\/\/www.penzionmargareta.sk\/cs\/wp-json\/wp\/v2\/media?parent=3142"}],"curies":[{"name":"wp","href":"https:\/\/api.w.org\/{rel}","templated":true}]}}